{"id":6,"date":"2024-03-18T19:12:55","date_gmt":"2024-03-18T19:12:55","guid":{"rendered":"http:\/\/acrocordeselagagedotfr.wordpress.com\/?page_id=1"},"modified":"2024-05-14T18:36:44","modified_gmt":"2024-05-14T16:36:44","slug":"a-propos","status":"publish","type":"page","link":"https:\/\/acrocordes-elagage.fr\/index.php\/a-propos\/","title":{"rendered":"\u00c0 propos"},"content":{"rendered":"\n<div class=\"wp-block-group alignfull is-content-justification-center\" style=\"margin-top:0;margin-bottom:0;padding-top:calc( 0.5 * var(--wp--style--root--padding-right, var(--wp--custom--gap--horizontal)));padding-right:var(--wp--style--root--padding-right, var(--wp--custom--gap--horizontal));padding-bottom:calc( 0.5 * var(--wp--style--root--padding-right, var(--wp--custom--gap--horizontal)));padding-left:var(--wp--style--root--padding-left, var(--wp--custom--gap--horizontal))\"><div class=\"wp-block-group__inner-container is-layout-constrained wp-container-core-group-is-layout-b073b61b wp-block-group-is-layout-constrained\">\n<div style=\"margin-top:0;margin-bottom:0;height:0px\" aria-hidden=\"true\" class=\"wp-block-spacer\"><\/div>\n\n\n\n<div style=\"height:calc( 0.25 * var(--wp--style--root--padding-right, var(--wp--custom--gap--horizontal)))\" aria-hidden=\"true\" class=\"wp-block-spacer\"><\/div>\n\n\n\n<div class=\"wp-block-columns is-layout-flex wp-container-core-columns-is-layout-9d6595d7 wp-block-columns-is-layout-flex\">\n<div class=\"wp-block-column is-layout-flow wp-block-column-is-layout-flow\">\n<div style=\"height:100px\" aria-hidden=\"true\" class=\"wp-block-spacer\"><\/div>\n\n\n\n<p class=\"has-white-color has-text-color has-link-color wp-elements-45ae57a0c2beb4331fccc06769d2510d\"><strong>AcroCordes se distingue comme une entreprise offrant une expertise sp\u00e9cialis\u00e9e dans la taille, l&rsquo;\u00e9lagage et le d\u00e9montage s\u00e9curis\u00e9 des arbres.<\/strong><\/p>\n\n\n\n<p class=\"has-white-color has-text-color has-link-color wp-elements-159cf5cccff0912edc880a675e62b02c\"><strong>Au c\u0153ur de notre mission se trouve un engagement profond envers la pr\u00e9servation de la nature.<\/strong><\/p>\n\n\n\n<p class=\"has-white-color has-text-color has-link-color wp-elements-da66e42dba0cc5c49f846b5110c9c164\"><strong>Initialement destin\u00e9 \u00e0 une carri\u00e8re scientifique, j&rsquo;ai d\u00e9cid\u00e9 de donner une toute autre orientation \u00e0 mon avenir professionnel en laissant mes \u00e9tudes de physique derri\u00e8re moi il y a quelques ann\u00e9es.<\/strong><\/p>\n\n\n\n<p class=\"has-white-color has-text-color has-link-color wp-elements-e5428ae332f93614383b481cfa5d23b3\"><strong>Passionn\u00e9 d&rsquo;escalade, j&rsquo;ai pris la premi\u00e8re d\u00e9cision de passer un CQP cordiste qui m&rsquo;a amen\u00e9 \u00e0 d\u00e9couvrir le bonheur de travailler \u00e0 l&rsquo;ext\u00e9rieur tout en prenant de la hauteur.<\/strong><\/p>\n\n\n\n<p class=\"has-white-color has-text-color has-link-color wp-elements-f1d4a35b8ee712b623f880659687be30\"><strong><strong>Mon amour pour la nature m&rsquo;a pouss\u00e9 \u00e0 continuer mon chemin jusqu&rsquo;au m\u00e9tier d&rsquo;arboriste \u00e9lagueur o\u00f9 je m&rsquo;\u00e9panouis d\u00e9sormais en alliant les comp\u00e9tences qui m&rsquo;ont \u00e9t\u00e9 donn\u00e9es toutes ces ann\u00e9es<\/strong>.<\/strong><\/p>\n<\/div>\n\n\n\n<div class=\"wp-block-column is-layout-flow wp-block-column-is-layout-flow\">\n<figure class=\"wp-block-image size-large is-style-rounded\"><img loading=\"lazy\" decoding=\"async\" width=\"751\" height=\"1024\" src=\"https:\/\/acrocordes-elagage.fr\/wp-content\/uploads\/2024\/05\/DSC6057-1-751x1024.jpg\" alt=\"\" class=\"wp-image-361\" srcset=\"https:\/\/acrocordes-elagage.fr\/wp-content\/uploads\/2024\/05\/DSC6057-1-751x1024.jpg 751w, https:\/\/acrocordes-elagage.fr\/wp-content\/uploads\/2024\/05\/DSC6057-1-220x300.jpg 220w, https:\/\/acrocordes-elagage.fr\/wp-content\/uploads\/2024\/05\/DSC6057-1-768x1047.jpg 768w, https:\/\/acrocordes-elagage.fr\/wp-content\/uploads\/2024\/05\/DSC6057-1-1126x1536.jpg 1126w, https:\/\/acrocordes-elagage.fr\/wp-content\/uploads\/2024\/05\/DSC6057-1-1502x2048.jpg 1502w, https:\/\/acrocordes-elagage.fr\/wp-content\/uploads\/2024\/05\/DSC6057-1-scaled.jpg 1877w\" sizes=\"auto, (max-width: 751px) 100vw, 751px\" \/><figcaption class=\"wp-element-caption\">\u00c9lagage Orthez<\/figcaption><\/figure>\n<\/div>\n<\/div>\n<\/div><\/div>\n\n\n\n<div class=\"wp-block-group alignwide\"><div class=\"wp-block-group__inner-container is-layout-constrained wp-block-group-is-layout-constrained\">\n<div class=\"wp-block-group is-vertical is-content-justification-center is-layout-flex wp-container-core-group-is-layout-a170cc76 wp-block-group-is-layout-flex\">\n<div style=\"height:280px\" aria-hidden=\"true\" class=\"wp-block-spacer wp-container-content-37125850\"><\/div>\n\n\n\n<h2 class=\"wp-block-heading has-text-align-center is-style-asterisk has-white-color has-text-color has-link-color wp-elements-af6ac29b24041d2c0b32b374df57a99c\">Nos Avis Clients<\/h2>\n<\/div>\n\n\n\n<div class=\"wp-block-columns alignwide is-layout-flex wp-container-core-columns-is-layout-b1b80ead wp-block-columns-is-layout-flex\">\n<div class=\"wp-block-column is-vertically-aligned-center is-layout-flow wp-block-column-is-layout-flow\" style=\"flex-basis:40%\">\n<div style=\"height:100px\" aria-hidden=\"true\" class=\"wp-block-spacer\"><\/div>\n<\/div>\n<\/div>\n\n\n\n<div class=\"wp-block-columns alignwide is-layout-flex wp-container-core-columns-is-layout-b1b80ead wp-block-columns-is-layout-flex\">\n<div class=\"wp-block-column is-vertically-aligned-center is-layout-flow wp-block-column-is-layout-flow\" style=\"flex-basis:40%\">\n<h3 class=\"wp-block-heading is-style-asterisk has-white-color has-text-color has-link-color wp-elements-3bc23a5145e9b113b912ce25ecb6ec5b\">JM <\/h3>\n\n\n\n<p class=\"has-white-color has-text-color has-link-color wp-elements-b9c4bd5bf97166b9bbd5b540b58fbb3e\">Narrosse<\/p>\n\n\n\n<ul style=\"line-height:1.75\" class=\"is-style-checkmark-list wp-block-list\">\n<li>\u00ab Un \u00e9lagage \u00ab\u00a0sur mesure\u00a0\u00bb effectu\u00e9 par un professionnel aussi comp\u00e9tent que sympathique. Le travail est efficace et pr\u00e9cis, l&rsquo;impact de la taille sur la \u00ab\u00a0sant\u00e9\u00a0\u00bb de l&rsquo;arbre est aussi pris en compte. Le nettoyage du chantier est ex\u00e9cut\u00e9 avec soin et le tarif est tout \u00e0 fait raisonnable.<br>Au final, l&rsquo;olivier est superbe et le propri\u00e9taire ravi.<br>Une excellente prestation \u00e0 tous \u00e9gards, je recommande vivement \u00bb<\/li>\n<\/ul>\n<\/div>\n\n\n\n<div class=\"wp-block-column is-layout-flow wp-block-column-is-layout-flow\" style=\"flex-basis:50%\">\n<figure class=\"wp-block-image size-large is-style-rounded\"><img loading=\"lazy\" decoding=\"async\" width=\"681\" height=\"1024\" src=\"https:\/\/acrocordes-elagage.fr\/wp-content\/uploads\/2024\/05\/DSC5935-681x1024.jpg\" alt=\"\" class=\"wp-image-366\" srcset=\"https:\/\/acrocordes-elagage.fr\/wp-content\/uploads\/2024\/05\/DSC5935-681x1024.jpg 681w, https:\/\/acrocordes-elagage.fr\/wp-content\/uploads\/2024\/05\/DSC5935-200x300.jpg 200w, https:\/\/acrocordes-elagage.fr\/wp-content\/uploads\/2024\/05\/DSC5935-768x1154.jpg 768w, https:\/\/acrocordes-elagage.fr\/wp-content\/uploads\/2024\/05\/DSC5935-1022x1536.jpg 1022w, https:\/\/acrocordes-elagage.fr\/wp-content\/uploads\/2024\/05\/DSC5935-1363x2048.jpg 1363w, https:\/\/acrocordes-elagage.fr\/wp-content\/uploads\/2024\/05\/DSC5935-scaled.jpg 1703w\" sizes=\"auto, (max-width: 681px) 100vw, 681px\" \/><\/figure>\n<\/div>\n<\/div>\n\n\n\n<div style=\"height:var(--wp--preset--spacing--40)\" aria-hidden=\"true\" class=\"wp-block-spacer\"><\/div>\n\n\n\n<div class=\"wp-block-columns alignwide is-layout-flex wp-container-core-columns-is-layout-b1b80ead wp-block-columns-is-layout-flex\">\n<div class=\"wp-block-column is-vertically-aligned-center is-layout-flow wp-block-column-is-layout-flow\" style=\"flex-basis:40%\">\n<h3 class=\"wp-block-heading is-style-asterisk has-white-color has-text-color has-link-color wp-elements-d609d701bd84698a898b7b255940eaf2\"><strong>Damien et Marie<\/strong><\/h3>\n\n\n\n<p class=\"has-white-color has-text-color has-link-color wp-elements-80504089c832860df1f3216042c371cd\">Mont De Marsan<\/p>\n\n\n\n<ul style=\"line-height:1.75\" class=\"is-style-checkmark-list wp-block-list\">\n<li>\u00ab Malgr\u00e9 le temps, le travail a \u00e9t\u00e9 fait avec un grand professionnalisme. Un contact tr\u00e8s agr\u00e9able. <\/li>\n\n\n\n<li>Je recommande ! \u00bb<\/li>\n<\/ul>\n<\/div>\n\n\n\n<div class=\"wp-block-column is-layout-flow wp-block-column-is-layout-flow\" style=\"flex-basis:50%\">\n<figure class=\"wp-block-image size-large is-style-rounded\"><img loading=\"lazy\" decoding=\"async\" width=\"768\" height=\"1024\" src=\"http:\/\/ktftbbe.cluster023.hosting.ovh.net\/wp-content\/uploads\/2024\/04\/IMG_0638-768x1024.jpg\" alt=\"\" class=\"wp-image-97\" srcset=\"https:\/\/acrocordes-elagage.fr\/wp-content\/uploads\/2024\/04\/IMG_0638-768x1024.jpg 768w, https:\/\/acrocordes-elagage.fr\/wp-content\/uploads\/2024\/04\/IMG_0638-225x300.jpg 225w, https:\/\/acrocordes-elagage.fr\/wp-content\/uploads\/2024\/04\/IMG_0638-1152x1536.jpg 1152w, https:\/\/acrocordes-elagage.fr\/wp-content\/uploads\/2024\/04\/IMG_0638-1536x2048.jpg 1536w, https:\/\/acrocordes-elagage.fr\/wp-content\/uploads\/2024\/04\/IMG_0638-scaled.jpg 1920w\" sizes=\"auto, (max-width: 768px) 100vw, 768px\" \/><\/figure>\n<\/div>\n<\/div>\n<\/div><\/div>\n\n\n\n<div class=\"wp-block-columns alignwide is-layout-flex wp-container-core-columns-is-layout-b1b80ead wp-block-columns-is-layout-flex\">\n<div class=\"wp-block-column is-vertically-aligned-center is-layout-flow wp-block-column-is-layout-flow\" style=\"flex-basis:40%\">\n<h3 class=\"wp-block-heading is-style-asterisk has-white-color has-text-color has-link-color wp-elements-c25c093497f96d41d926c7756dc0c597\"><strong><strong>Camille Bignon-Rosaenz<\/strong><\/strong><\/h3>\n\n\n\n<p class=\"has-white-color has-text-color has-link-color wp-elements-02a506ae532832c4506494866c39ab4f\">Dax<\/p>\n\n\n\n<ul style=\"line-height:1.75\" class=\"is-style-checkmark-list wp-block-list\">\n<li>\u00ab Comp\u00e9tence, rapidit\u00e9 et efficacit\u00e9 ! Merci encore pour la pertinence de vos conseils et la qualit\u00e9 de vos prestations, le tout dans un climat de confiance et de sympathie. Je recommande vivement ! \u00bb<\/li>\n<\/ul>\n<\/div>\n\n\n\n<div class=\"wp-block-column is-layout-flow wp-block-column-is-layout-flow\" style=\"flex-basis:50%\">\n<figure class=\"wp-block-image size-full is-style-rounded\"><img loading=\"lazy\" decoding=\"async\" width=\"3024\" height=\"4032\" src=\"https:\/\/acrocordes-elagage.fr\/wp-content\/uploads\/2024\/04\/27294531-7174-4C95-82B2-748398D4D681-L0-001-edited.png\" alt=\"\" class=\"wp-image-89\" srcset=\"https:\/\/acrocordes-elagage.fr\/wp-content\/uploads\/2024\/04\/27294531-7174-4C95-82B2-748398D4D681-L0-001-edited.png 3024w, https:\/\/acrocordes-elagage.fr\/wp-content\/uploads\/2024\/04\/27294531-7174-4C95-82B2-748398D4D681-L0-001-edited-225x300.png 225w, https:\/\/acrocordes-elagage.fr\/wp-content\/uploads\/2024\/04\/27294531-7174-4C95-82B2-748398D4D681-L0-001-edited-768x1024.png 768w, https:\/\/acrocordes-elagage.fr\/wp-content\/uploads\/2024\/04\/27294531-7174-4C95-82B2-748398D4D681-L0-001-edited-1152x1536.png 1152w, https:\/\/acrocordes-elagage.fr\/wp-content\/uploads\/2024\/04\/27294531-7174-4C95-82B2-748398D4D681-L0-001-edited-1536x2048.png 1536w\" sizes=\"auto, (max-width: 3024px) 100vw, 3024px\" \/><\/figure>\n<\/div>\n<\/div>\n","protected":false},"excerpt":{"rendered":"<p>AcroCordes se distingue comme une entreprise offrant une expertise sp\u00e9cialis\u00e9e dans la taille, l&rsquo;\u00e9lagage et le d\u00e9montage s\u00e9curis\u00e9 des arbres. Au c\u0153ur de notre mission se trouve un engagement profond envers la pr\u00e9servation de la nature. Initialement destin\u00e9 \u00e0 une carri\u00e8re scientifique, j&rsquo;ai d\u00e9cid\u00e9 de donner une toute autre orientation \u00e0 mon avenir professionnel en laissant mes \u00e9tudes de physique derri\u00e8re moi il y a quelques ann\u00e9es. Passionn\u00e9 d&rsquo;escalade, j&rsquo;ai pris la premi\u00e8re d\u00e9cision de passer un CQP cordiste qui m&rsquo;a amen\u00e9 \u00e0 d\u00e9couvrir le bonheur de travailler \u00e0 l&rsquo;ext\u00e9rieur tout en prenant de la hauteur. Mon amour pour la nature m&rsquo;a pouss\u00e9 \u00e0 continuer mon chemin jusqu&rsquo;au m\u00e9tier d&rsquo;arboriste \u00e9lagueur o\u00f9 je m&rsquo;\u00e9panouis d\u00e9sormais en alliant les comp\u00e9tences qui m&rsquo;ont \u00e9t\u00e9 donn\u00e9es toutes ces ann\u00e9es. Nos Avis Clients JM Narrosse Damien et Marie Mont De Marsan Camille Bignon-Rosaenz Dax<\/p>\n","protected":false},"author":1,"featured_media":0,"parent":0,"menu_order":0,"comment_status":"closed","ping_status":"closed","template":"","meta":{"footnotes":""},"class_list":["post-6","page","type-page","status-publish"],"_links":{"self":[{"href":"https:\/\/acrocordes-elagage.fr\/index.php\/wp-json\/wp\/v2\/pages\/6","targetHints":{"allow":["GET"]}}],"collection":[{"href":"https:\/\/acrocordes-elagage.fr\/index.php\/wp-json\/wp\/v2\/pages"}],"about":[{"href":"https:\/\/acrocordes-elagage.fr\/index.php\/wp-json\/wp\/v2\/types\/page"}],"author":[{"embeddable":true,"href":"https:\/\/acrocordes-elagage.fr\/index.php\/wp-json\/wp\/v2\/users\/1"}],"replies":[{"embeddable":true,"href":"https:\/\/acrocordes-elagage.fr\/index.php\/wp-json\/wp\/v2\/comments?post=6"}],"version-history":[{"count":14,"href":"https:\/\/acrocordes-elagage.fr\/index.php\/wp-json\/wp\/v2\/pages\/6\/revisions"}],"predecessor-version":[{"id":410,"href":"https:\/\/acrocordes-elagage.fr\/index.php\/wp-json\/wp\/v2\/pages\/6\/revisions\/410"}],"wp:attachment":[{"href":"https:\/\/acrocordes-elagage.fr\/index.php\/wp-json\/wp\/v2\/media?parent=6"}],"curies":[{"name":"wp","href":"https:\/\/api.w.org\/{rel}","templated":true}]}}