{"id":440,"date":"2024-05-14T19:59:43","date_gmt":"2024-05-14T17:59:43","guid":{"rendered":"https:\/\/acrocordes-elagage.fr\/?page_id=440"},"modified":"2024-05-14T20:12:54","modified_gmt":"2024-05-14T18:12:54","slug":"expertise","status":"publish","type":"page","link":"https:\/\/acrocordes-elagage.fr\/index.php\/expertise\/","title":{"rendered":"Expertise"},"content":{"rendered":"\n<div class=\"wp-block-columns is-layout-flex wp-container-core-columns-is-layout-9d6595d7 wp-block-columns-is-layout-flex\">\n<div class=\"wp-block-column is-layout-flow wp-block-column-is-layout-flow\">\n<p class=\"has-white-color has-text-color has-link-color wp-elements-6135d50f426bf5261f89633c48f5a069\">En tant que cordiste, ma capacit\u00e9 \u00e0 acc\u00e9der \u00e0 des endroits inaccessibles pour la plupart des gens en fait un atout pr\u00e9cieux lors de la r\u00e9alisation de constats dans divers contextes. <\/p>\n\n\n\n<p class=\"has-white-color has-text-color has-link-color wp-elements-4418211b1b2d4ffd07c7f59775cde777\">Mon m\u00e9tier me permet d&rsquo;explorer des sites dangereux ou difficiles d&rsquo;acc\u00e8s, ouvrant ainsi la voie \u00e0 des investigations approfondies dans des domaines tels que l&rsquo;inspection de structures complexes, la surveillance de chantiers ou m\u00eame la collecte d&rsquo;\u00e9chantillons dans des environnements naturels isol\u00e9s.<\/p>\n\n\n\n<p class=\"has-white-color has-text-color has-link-color wp-elements-79f218aa253c55fefbfae4b73fa0edb4\">Au-del\u00e0 de mes comp\u00e9tences en grimpe, je suis \u00e9galement capable de mettre en place des \u00e9quipements de protection collectifs pour assurer la s\u00e9curit\u00e9 des experts qui viennent constater les faits. <\/p>\n\n\n\n<p class=\"has-white-color has-text-color has-link-color wp-elements-24eea0cd66a085f061f910fc8723a33c\">Que ce soit en installant des lignes de vie, des filets de s\u00e9curit\u00e9 ou d&rsquo;autres dispositifs adapt\u00e9s, je veille \u00e0 ce que les conditions soient optimales pour permettre des observations pr\u00e9cises et s\u00e9curis\u00e9es. <\/p>\n\n\n\n<p class=\"has-white-color has-text-color has-link-color wp-elements-5bacadd9164241d9ecadf30e4b5ce4c9\">En tant que cordiste, je combine mes comp\u00e9tences en acc\u00e8s difficile avec ma capacit\u00e9 \u00e0 \u00e9tablir des environnements s\u00e9curis\u00e9s pour faciliter les constats dans divers domaines d&rsquo;expertise.<\/p>\n<\/div>\n\n\n\n<div class=\"wp-block-column is-layout-flow wp-block-column-is-layout-flow\">\n<figure class=\"wp-block-image size-full is-style-rounded\"><img loading=\"lazy\" decoding=\"async\" width=\"612\" height=\"408\" src=\"https:\/\/acrocordes-elagage.fr\/wp-content\/uploads\/2024\/05\/istockphoto-1422126587-612x612-2.jpeg\" alt=\"\" class=\"wp-image-443\" srcset=\"https:\/\/acrocordes-elagage.fr\/wp-content\/uploads\/2024\/05\/istockphoto-1422126587-612x612-2.jpeg 612w, https:\/\/acrocordes-elagage.fr\/wp-content\/uploads\/2024\/05\/istockphoto-1422126587-612x612-2-300x200.jpeg 300w\" sizes=\"auto, (max-width: 612px) 100vw, 612px\" \/><\/figure>\n<\/div>\n<\/div>\n","protected":false},"excerpt":{"rendered":"<p>En tant que cordiste, ma capacit\u00e9 \u00e0 acc\u00e9der \u00e0 des endroits inaccessibles pour la plupart des gens en fait un atout pr\u00e9cieux lors de la r\u00e9alisation de constats dans divers contextes. Mon m\u00e9tier me permet d&rsquo;explorer des sites dangereux ou difficiles d&rsquo;acc\u00e8s, ouvrant ainsi la voie \u00e0 des investigations approfondies dans des domaines tels que l&rsquo;inspection de structures complexes, la surveillance de chantiers ou m\u00eame la collecte d&rsquo;\u00e9chantillons dans des environnements naturels isol\u00e9s. Au-del\u00e0 de mes comp\u00e9tences en grimpe, je suis \u00e9galement capable de mettre en place des \u00e9quipements de protection collectifs pour assurer la s\u00e9curit\u00e9 des experts qui viennent constater les faits. Que ce soit en installant des lignes de vie, des filets de s\u00e9curit\u00e9 ou d&rsquo;autres dispositifs adapt\u00e9s, je veille \u00e0 ce que les conditions soient optimales pour permettre des observations pr\u00e9cises et s\u00e9curis\u00e9es. En tant que cordiste, je combine mes comp\u00e9tences en acc\u00e8s difficile avec ma capacit\u00e9&hellip;<\/p>\n<p> <a class=\"more-link\" href=\"https:\/\/acrocordes-elagage.fr\/index.php\/expertise\/\">Read more<\/a><\/p>\n","protected":false},"author":1,"featured_media":0,"parent":0,"menu_order":0,"comment_status":"closed","ping_status":"closed","template":"","meta":{"footnotes":""},"class_list":["post-440","page","type-page","status-publish"],"_links":{"self":[{"href":"https:\/\/acrocordes-elagage.fr\/index.php\/wp-json\/wp\/v2\/pages\/440","targetHints":{"allow":["GET"]}}],"collection":[{"href":"https:\/\/acrocordes-elagage.fr\/index.php\/wp-json\/wp\/v2\/pages"}],"about":[{"href":"https:\/\/acrocordes-elagage.fr\/index.php\/wp-json\/wp\/v2\/types\/page"}],"author":[{"embeddable":true,"href":"https:\/\/acrocordes-elagage.fr\/index.php\/wp-json\/wp\/v2\/users\/1"}],"replies":[{"embeddable":true,"href":"https:\/\/acrocordes-elagage.fr\/index.php\/wp-json\/wp\/v2\/comments?post=440"}],"version-history":[{"count":5,"href":"https:\/\/acrocordes-elagage.fr\/index.php\/wp-json\/wp\/v2\/pages\/440\/revisions"}],"predecessor-version":[{"id":450,"href":"https:\/\/acrocordes-elagage.fr\/index.php\/wp-json\/wp\/v2\/pages\/440\/revisions\/450"}],"wp:attachment":[{"href":"https:\/\/acrocordes-elagage.fr\/index.php\/wp-json\/wp\/v2\/media?parent=440"}],"curies":[{"name":"wp","href":"https:\/\/api.w.org\/{rel}","templated":true}]}}