{"id":285,"date":"2024-05-10T08:54:46","date_gmt":"2024-05-10T06:54:46","guid":{"rendered":"https:\/\/acrocordes-elagage.fr\/?page_id=285"},"modified":"2024-05-13T20:39:26","modified_gmt":"2024-05-13T18:39:26","slug":"nos-avis-clients","status":"publish","type":"page","link":"https:\/\/acrocordes-elagage.fr\/index.php\/nos-avis-clients\/","title":{"rendered":"Nos Avis Clients"},"content":{"rendered":"\n<div class=\"wp-block-group alignwide\"><div class=\"wp-block-group__inner-container is-layout-constrained wp-block-group-is-layout-constrained\">\n<div class=\"wp-block-group is-vertical is-content-justification-center is-layout-flex wp-container-core-group-is-layout-a170cc76 wp-block-group-is-layout-flex\">\n<h2 class=\"wp-block-heading has-text-align-center is-style-asterisk\"><\/h2>\n\n\n\n<div class=\"wp-block-group alignwide\"><div class=\"wp-block-group__inner-container is-layout-constrained wp-block-group-is-layout-constrained\">\n<div class=\"wp-block-group is-vertical is-content-justification-center is-layout-flex wp-container-core-group-is-layout-a170cc76 wp-block-group-is-layout-flex\">\n<div style=\"height:280px\" aria-hidden=\"true\" class=\"wp-block-spacer wp-container-content-37125850\"><\/div>\n\n\n\n<h2 class=\"wp-block-heading has-text-align-center is-style-asterisk has-white-color has-text-color has-link-color wp-elements-af6ac29b24041d2c0b32b374df57a99c\">Nos Avis Clients<\/h2>\n<\/div>\n\n\n\n<div class=\"wp-block-columns alignwide is-layout-flex wp-container-core-columns-is-layout-b1b80ead wp-block-columns-is-layout-flex\">\n<div class=\"wp-block-column is-vertically-aligned-center is-layout-flow wp-block-column-is-layout-flow\" style=\"flex-basis:40%\">\n<div style=\"height:100px\" aria-hidden=\"true\" class=\"wp-block-spacer\"><\/div>\n<\/div>\n<\/div>\n\n\n\n<div class=\"wp-block-columns alignwide is-layout-flex wp-container-core-columns-is-layout-b1b80ead wp-block-columns-is-layout-flex\">\n<div class=\"wp-block-column is-vertically-aligned-center is-layout-flow wp-block-column-is-layout-flow\" style=\"flex-basis:40%\">\n<h3 class=\"wp-block-heading is-style-asterisk has-white-color has-text-color has-link-color wp-elements-3bc23a5145e9b113b912ce25ecb6ec5b\">JM <\/h3>\n\n\n\n<p class=\"has-white-color has-text-color has-link-color wp-elements-b9c4bd5bf97166b9bbd5b540b58fbb3e\">Narrosse<\/p>\n\n\n\n<ul style=\"line-height:1.75\" class=\"is-style-checkmark-list wp-block-list\">\n<li>\u00ab Un \u00e9lagage \u00ab\u00a0sur mesure\u00a0\u00bb effectu\u00e9 par un professionnel aussi comp\u00e9tent que sympathique. Le travail est efficace et pr\u00e9cis, l&rsquo;impact de la taille sur la \u00ab\u00a0sant\u00e9\u00a0\u00bb de l&rsquo;arbre est aussi pris en compte. Le nettoyage du chantier est ex\u00e9cut\u00e9 avec soin et le tarif est tout \u00e0 fait raisonnable.<br>Au final, l&rsquo;olivier est superbe et le propri\u00e9taire ravi.<br>Une excellente prestation \u00e0 tous \u00e9gards, je recommande vivement \u00bb<\/li>\n<\/ul>\n<\/div>\n\n\n\n<div class=\"wp-block-column is-layout-flow wp-block-column-is-layout-flow\" style=\"flex-basis:50%\">\n<figure class=\"wp-block-image size-large is-style-rounded\"><img loading=\"lazy\" decoding=\"async\" width=\"681\" height=\"1024\" src=\"https:\/\/acrocordes-elagage.fr\/wp-content\/uploads\/2024\/05\/DSC5935-681x1024.jpg\" alt=\"\" class=\"wp-image-366\" srcset=\"https:\/\/acrocordes-elagage.fr\/wp-content\/uploads\/2024\/05\/DSC5935-681x1024.jpg 681w, https:\/\/acrocordes-elagage.fr\/wp-content\/uploads\/2024\/05\/DSC5935-200x300.jpg 200w, https:\/\/acrocordes-elagage.fr\/wp-content\/uploads\/2024\/05\/DSC5935-768x1154.jpg 768w, https:\/\/acrocordes-elagage.fr\/wp-content\/uploads\/2024\/05\/DSC5935-1022x1536.jpg 1022w, https:\/\/acrocordes-elagage.fr\/wp-content\/uploads\/2024\/05\/DSC5935-1363x2048.jpg 1363w, https:\/\/acrocordes-elagage.fr\/wp-content\/uploads\/2024\/05\/DSC5935-scaled.jpg 1703w\" sizes=\"auto, (max-width: 681px) 100vw, 681px\" \/><\/figure>\n<\/div>\n<\/div>\n\n\n\n<div style=\"height:var(--wp--preset--spacing--40)\" aria-hidden=\"true\" class=\"wp-block-spacer\"><\/div>\n\n\n\n<div class=\"wp-block-columns alignwide is-layout-flex wp-container-core-columns-is-layout-b1b80ead wp-block-columns-is-layout-flex\">\n<div class=\"wp-block-column is-vertically-aligned-center is-layout-flow wp-block-column-is-layout-flow\" style=\"flex-basis:40%\">\n<h3 class=\"wp-block-heading is-style-asterisk has-white-color has-text-color has-link-color wp-elements-d609d701bd84698a898b7b255940eaf2\"><strong>Damien et Marie<\/strong><\/h3>\n\n\n\n<p class=\"has-white-color has-text-color has-link-color wp-elements-80504089c832860df1f3216042c371cd\">Mont De Marsan<\/p>\n\n\n\n<ul style=\"line-height:1.75\" class=\"is-style-checkmark-list wp-block-list\">\n<li>\u00ab Malgr\u00e9 le temps, le travail a \u00e9t\u00e9 fait avec un grand professionnalisme. Un contact tr\u00e8s agr\u00e9able. <\/li>\n\n\n\n<li>Je recommande ! \u00bb<\/li>\n<\/ul>\n<\/div>\n\n\n\n<div class=\"wp-block-column is-layout-flow wp-block-column-is-layout-flow\" style=\"flex-basis:50%\">\n<figure class=\"wp-block-image size-large is-style-rounded\"><img loading=\"lazy\" decoding=\"async\" width=\"768\" height=\"1024\" src=\"http:\/\/ktftbbe.cluster023.hosting.ovh.net\/wp-content\/uploads\/2024\/04\/IMG_0638-768x1024.jpg\" alt=\"\" class=\"wp-image-97\" srcset=\"https:\/\/acrocordes-elagage.fr\/wp-content\/uploads\/2024\/04\/IMG_0638-768x1024.jpg 768w, https:\/\/acrocordes-elagage.fr\/wp-content\/uploads\/2024\/04\/IMG_0638-225x300.jpg 225w, https:\/\/acrocordes-elagage.fr\/wp-content\/uploads\/2024\/04\/IMG_0638-1152x1536.jpg 1152w, https:\/\/acrocordes-elagage.fr\/wp-content\/uploads\/2024\/04\/IMG_0638-1536x2048.jpg 1536w, https:\/\/acrocordes-elagage.fr\/wp-content\/uploads\/2024\/04\/IMG_0638-scaled.jpg 1920w\" sizes=\"auto, (max-width: 768px) 100vw, 768px\" \/><\/figure>\n<\/div>\n<\/div>\n<\/div><\/div>\n\n\n\n<div class=\"wp-block-columns alignwide is-layout-flex wp-container-core-columns-is-layout-b1b80ead wp-block-columns-is-layout-flex\">\n<div class=\"wp-block-column is-vertically-aligned-center is-layout-flow wp-block-column-is-layout-flow\" style=\"flex-basis:40%\">\n<h3 class=\"wp-block-heading is-style-asterisk has-white-color has-text-color has-link-color wp-elements-c25c093497f96d41d926c7756dc0c597\"><strong><strong>Camille Bignon-Rosaenz<\/strong><\/strong><\/h3>\n\n\n\n<p class=\"has-white-color has-text-color has-link-color wp-elements-02a506ae532832c4506494866c39ab4f\">Dax<\/p>\n\n\n\n<ul style=\"line-height:1.75\" class=\"is-style-checkmark-list wp-block-list\">\n<li>\u00ab Comp\u00e9tence, rapidit\u00e9 et efficacit\u00e9 ! Merci encore pour la pertinence de vos conseils et la qualit\u00e9 de vos prestations, le tout dans un climat de confiance et de sympathie. Je recommande vivement ! \u00bb<\/li>\n<\/ul>\n<\/div>\n\n\n\n<div class=\"wp-block-column is-layout-flow wp-block-column-is-layout-flow\" style=\"flex-basis:50%\">\n<figure class=\"wp-block-image size-full is-style-rounded\"><img loading=\"lazy\" decoding=\"async\" width=\"3024\" height=\"4032\" src=\"https:\/\/acrocordes-elagage.fr\/wp-content\/uploads\/2024\/04\/27294531-7174-4C95-82B2-748398D4D681-L0-001-edited.png\" alt=\"\" class=\"wp-image-89\" srcset=\"https:\/\/acrocordes-elagage.fr\/wp-content\/uploads\/2024\/04\/27294531-7174-4C95-82B2-748398D4D681-L0-001-edited.png 3024w, https:\/\/acrocordes-elagage.fr\/wp-content\/uploads\/2024\/04\/27294531-7174-4C95-82B2-748398D4D681-L0-001-edited-225x300.png 225w, https:\/\/acrocordes-elagage.fr\/wp-content\/uploads\/2024\/04\/27294531-7174-4C95-82B2-748398D4D681-L0-001-edited-768x1024.png 768w, https:\/\/acrocordes-elagage.fr\/wp-content\/uploads\/2024\/04\/27294531-7174-4C95-82B2-748398D4D681-L0-001-edited-1152x1536.png 1152w, https:\/\/acrocordes-elagage.fr\/wp-content\/uploads\/2024\/04\/27294531-7174-4C95-82B2-748398D4D681-L0-001-edited-1536x2048.png 1536w\" sizes=\"auto, (max-width: 3024px) 100vw, 3024px\" \/><\/figure>\n<\/div>\n<\/div>\n<\/div>\n\n\n\n<div style=\"height:var(--wp--preset--spacing--40)\" aria-hidden=\"true\" class=\"wp-block-spacer\"><\/div>\n\n\n\n<div style=\"height:var(--wp--preset--spacing--40)\" aria-hidden=\"true\" class=\"wp-block-spacer\"><\/div>\n<\/div><\/div>\n","protected":false},"excerpt":{"rendered":"<p>Nos Avis Clients JM Narrosse Damien et Marie Mont De Marsan Camille Bignon-Rosaenz Dax<\/p>\n","protected":false},"author":1,"featured_media":0,"parent":0,"menu_order":0,"comment_status":"closed","ping_status":"closed","template":"","meta":{"footnotes":""},"class_list":["post-285","page","type-page","status-publish"],"_links":{"self":[{"href":"https:\/\/acrocordes-elagage.fr\/index.php\/wp-json\/wp\/v2\/pages\/285","targetHints":{"allow":["GET"]}}],"collection":[{"href":"https:\/\/acrocordes-elagage.fr\/index.php\/wp-json\/wp\/v2\/pages"}],"about":[{"href":"https:\/\/acrocordes-elagage.fr\/index.php\/wp-json\/wp\/v2\/types\/page"}],"author":[{"embeddable":true,"href":"https:\/\/acrocordes-elagage.fr\/index.php\/wp-json\/wp\/v2\/users\/1"}],"replies":[{"embeddable":true,"href":"https:\/\/acrocordes-elagage.fr\/index.php\/wp-json\/wp\/v2\/comments?post=285"}],"version-history":[{"count":4,"href":"https:\/\/acrocordes-elagage.fr\/index.php\/wp-json\/wp\/v2\/pages\/285\/revisions"}],"predecessor-version":[{"id":377,"href":"https:\/\/acrocordes-elagage.fr\/index.php\/wp-json\/wp\/v2\/pages\/285\/revisions\/377"}],"wp:attachment":[{"href":"https:\/\/acrocordes-elagage.fr\/index.php\/wp-json\/wp\/v2\/media?parent=285"}],"curies":[{"name":"wp","href":"https:\/\/api.w.org\/{rel}","templated":true}]}}