{"id":279,"date":"2024-05-10T08:48:21","date_gmt":"2024-05-10T06:48:21","guid":{"rendered":"https:\/\/acrocordes-elagage.fr\/?page_id=279"},"modified":"2024-05-14T19:10:34","modified_gmt":"2024-05-14T17:10:34","slug":"peinture","status":"publish","type":"page","link":"https:\/\/acrocordes-elagage.fr\/index.php\/peinture\/","title":{"rendered":"Peinture"},"content":{"rendered":"\n<div class=\"wp-block-columns is-layout-flex wp-container-core-columns-is-layout-9d6595d7 wp-block-columns-is-layout-flex\">\n<div class=\"wp-block-column is-layout-flow wp-block-column-is-layout-flow\">\n<div style=\"height:100px\" aria-hidden=\"true\" class=\"wp-block-spacer\"><\/div>\n\n\n\n<p class=\"has-white-color has-text-color has-link-color wp-elements-0529e1e74588af8ec75caa17ffe95948\">En tant que cordiste intervenant dans la r\u00e9novation de fa\u00e7ades, j&rsquo;effectue des travaux de r\u00e9paration et de peinture pour restaurer l&rsquo;apparence et l&rsquo;int\u00e9grit\u00e9 des b\u00e2timents. <\/p>\n\n\n\n<p class=\"has-white-color has-text-color has-link-color wp-elements-2366ee9c31f997801c591ba2d9fd07a9\">Apr\u00e8s avoir \u00e9valu\u00e9 l&rsquo;\u00e9tat de la fa\u00e7ade, je r\u00e9pare les \u00e9caillages et les fissures avant d&rsquo;appliquer une nouvelle couche de peinture.<\/p>\n\n\n\n<p class=\"has-white-color has-text-color has-link-color wp-elements-bee4ab5064a449be8d564317e8b0cbea\"> Mon objectif est d&rsquo;assurer un r\u00e9sultat final de qualit\u00e9 en utilisant des m\u00e9thodes professionnelles.<\/p>\n<\/div>\n\n\n\n<div class=\"wp-block-column is-layout-flow wp-block-column-is-layout-flow\">\n<figure class=\"wp-block-image size-full is-style-rounded\"><img loading=\"lazy\" decoding=\"async\" width=\"360\" height=\"480\" src=\"https:\/\/acrocordes-elagage.fr\/wp-content\/uploads\/2024\/05\/IMG_20210210_105638-edited.jpg\" alt=\"\" class=\"wp-image-437\" srcset=\"https:\/\/acrocordes-elagage.fr\/wp-content\/uploads\/2024\/05\/IMG_20210210_105638-edited.jpg 360w, https:\/\/acrocordes-elagage.fr\/wp-content\/uploads\/2024\/05\/IMG_20210210_105638-edited-225x300.jpg 225w\" sizes=\"auto, (max-width: 360px) 100vw, 360px\" \/><figcaption class=\"wp-element-caption\"><em>Saubusse<\/em><\/figcaption><\/figure>\n<\/div>\n<\/div>\n","protected":false},"excerpt":{"rendered":"<p>En tant que cordiste intervenant dans la r\u00e9novation de fa\u00e7ades, j&rsquo;effectue des travaux de r\u00e9paration et de peinture pour restaurer l&rsquo;apparence et l&rsquo;int\u00e9grit\u00e9 des b\u00e2timents. Apr\u00e8s avoir \u00e9valu\u00e9 l&rsquo;\u00e9tat de la fa\u00e7ade, je r\u00e9pare les \u00e9caillages et les fissures avant d&rsquo;appliquer une nouvelle couche de peinture. Mon objectif est d&rsquo;assurer un r\u00e9sultat final de qualit\u00e9 en utilisant des m\u00e9thodes professionnelles.<\/p>\n","protected":false},"author":1,"featured_media":0,"parent":0,"menu_order":0,"comment_status":"closed","ping_status":"closed","template":"","meta":{"footnotes":""},"class_list":["post-279","page","type-page","status-publish"],"_links":{"self":[{"href":"https:\/\/acrocordes-elagage.fr\/index.php\/wp-json\/wp\/v2\/pages\/279","targetHints":{"allow":["GET"]}}],"collection":[{"href":"https:\/\/acrocordes-elagage.fr\/index.php\/wp-json\/wp\/v2\/pages"}],"about":[{"href":"https:\/\/acrocordes-elagage.fr\/index.php\/wp-json\/wp\/v2\/types\/page"}],"author":[{"embeddable":true,"href":"https:\/\/acrocordes-elagage.fr\/index.php\/wp-json\/wp\/v2\/users\/1"}],"replies":[{"embeddable":true,"href":"https:\/\/acrocordes-elagage.fr\/index.php\/wp-json\/wp\/v2\/comments?post=279"}],"version-history":[{"count":3,"href":"https:\/\/acrocordes-elagage.fr\/index.php\/wp-json\/wp\/v2\/pages\/279\/revisions"}],"predecessor-version":[{"id":439,"href":"https:\/\/acrocordes-elagage.fr\/index.php\/wp-json\/wp\/v2\/pages\/279\/revisions\/439"}],"wp:attachment":[{"href":"https:\/\/acrocordes-elagage.fr\/index.php\/wp-json\/wp\/v2\/media?parent=279"}],"curies":[{"name":"wp","href":"https:\/\/api.w.org\/{rel}","templated":true}]}}