{"id":277,"date":"2024-05-10T08:48:39","date_gmt":"2024-05-10T06:48:39","guid":{"rendered":"https:\/\/acrocordes-elagage.fr\/?page_id=277"},"modified":"2024-05-14T19:03:03","modified_gmt":"2024-05-14T17:03:03","slug":"reprise-etancheite-facades-toitures","status":"publish","type":"page","link":"https:\/\/acrocordes-elagage.fr\/index.php\/reprise-etancheite-facades-toitures\/","title":{"rendered":"Reprise \u00e9tanch\u00e9it\u00e9 facades \/ toitures"},"content":{"rendered":"\n<div class=\"wp-block-columns is-layout-flex wp-container-core-columns-is-layout-9d6595d7 wp-block-columns-is-layout-flex\">\n<div class=\"wp-block-column is-layout-flow wp-block-column-is-layout-flow\">\n<p class=\"has-white-color has-text-color has-link-color wp-elements-58a8530917fdfc2229455a79a6f12522\"><br>En tant que cordiste sp\u00e9cialis\u00e9 dans la reprise d&rsquo;\u00e9tanch\u00e9it\u00e9 en fa\u00e7ade, je m&rsquo;engage dans un processus rigoureux pour garantir l&rsquo;int\u00e9grit\u00e9 des structures. <\/p>\n\n\n\n<p class=\"has-white-color has-text-color has-link-color wp-elements-db3ae5db1050431b260973aef9374555\">Mon travail commence par une \u00e9valuation approfondie de la fa\u00e7ade, identifiant les zones pr\u00e9sentant des signes d&rsquo;infiltration d&rsquo;eau ou de d\u00e9t\u00e9rioration de l&rsquo;\u00e9tanch\u00e9it\u00e9. Je m&rsquo;appuie sur des tests en eau pour localiser pr\u00e9cis\u00e9ment les points faibles et planifier les interventions n\u00e9cessaires. <\/p>\n\n\n\n<p class=\"has-white-color has-text-color has-link-color wp-elements-4bc8ee512a87a805e3d9888c8b4b0703\">Une fois les zones probl\u00e9matiques identifi\u00e9es, j&rsquo;utilise mes comp\u00e9tences en escalade pour acc\u00e9der aux endroits difficiles d&rsquo;acc\u00e8s. <\/p>\n\n\n\n<p class=\"has-white-color has-text-color has-link-color wp-elements-1056f7f399eae9be264b981d79ec4e37\">\u00c9quip\u00e9 de mat\u00e9riel sp\u00e9cialis\u00e9, je r\u00e9alise les r\u00e9parations et la reprise d&rsquo;\u00e9tanch\u00e9it\u00e9 avec pr\u00e9cision, veillant \u00e0 ce que chaque intervention soit durable et efficace.<\/p>\n\n\n\n<p class=\"has-white-color has-text-color has-link-color wp-elements-f5b23baf7683e3865ebe7f516b2ea5e5\">Outre la reprise d&rsquo;\u00e9tanch\u00e9it\u00e9, mon travail inclut \u00e9galement le nettoyage des goutti\u00e8res et de la fa\u00e7ade. <\/p>\n\n\n\n<p class=\"has-white-color has-text-color has-link-color wp-elements-f723ca3d8351a8a8866fb7e7c7aff55a\">Je proc\u00e8de au nettoyage de la fa\u00e7ade pour \u00e9liminer la salet\u00e9, les d\u00e9p\u00f4ts de pollution et les moisissures, pr\u00e9servant ainsi l&rsquo;aspect esth\u00e9tique du b\u00e2timent tout en prolongeant sa durabilit\u00e9. <\/p>\n\n\n\n<p class=\"has-white-color has-text-color has-link-color wp-elements-ff0067716a9cbf198d300069b0225b12\">En utilisant des techniques sp\u00e9cifiques et un \u00e9quipement adapt\u00e9, je me charge d&rsquo;\u00e9liminer les d\u00e9bris et les obstructions des goutti\u00e8res, assurant ainsi un bon \u00e9coulement des eaux pluviales.<\/p>\n<\/div>\n\n\n\n<div class=\"wp-block-column is-layout-flow wp-block-column-is-layout-flow\">\n<figure class=\"wp-block-image size-full is-resized is-style-rounded\"><img loading=\"lazy\" decoding=\"async\" width=\"612\" height=\"408\" src=\"https:\/\/acrocordes-elagage.fr\/wp-content\/uploads\/2024\/05\/istockphoto-1282848269-612x612-1.jpeg\" alt=\"\" class=\"wp-image-425\" style=\"width:416px;height:auto\" srcset=\"https:\/\/acrocordes-elagage.fr\/wp-content\/uploads\/2024\/05\/istockphoto-1282848269-612x612-1.jpeg 612w, https:\/\/acrocordes-elagage.fr\/wp-content\/uploads\/2024\/05\/istockphoto-1282848269-612x612-1-300x200.jpeg 300w\" sizes=\"auto, (max-width: 612px) 100vw, 612px\" \/><figcaption class=\"wp-element-caption\"><em>Vieux-Boucau-Les-Bains<\/em><\/figcaption><\/figure>\n\n\n\n<figure class=\"wp-block-image size-full is-style-rounded\"><img loading=\"lazy\" decoding=\"async\" width=\"612\" height=\"408\" src=\"https:\/\/acrocordes-elagage.fr\/wp-content\/uploads\/2024\/05\/istockphoto-1422126587-612x612-1.jpeg\" alt=\"\" class=\"wp-image-431\" srcset=\"https:\/\/acrocordes-elagage.fr\/wp-content\/uploads\/2024\/05\/istockphoto-1422126587-612x612-1.jpeg 612w, https:\/\/acrocordes-elagage.fr\/wp-content\/uploads\/2024\/05\/istockphoto-1422126587-612x612-1-300x200.jpeg 300w\" sizes=\"auto, (max-width: 612px) 100vw, 612px\" \/><figcaption class=\"wp-element-caption\"><em>Seignosse<\/em><\/figcaption><\/figure>\n<\/div>\n<\/div>\n","protected":false},"excerpt":{"rendered":"<p>En tant que cordiste sp\u00e9cialis\u00e9 dans la reprise d&rsquo;\u00e9tanch\u00e9it\u00e9 en fa\u00e7ade, je m&rsquo;engage dans un processus rigoureux pour garantir l&rsquo;int\u00e9grit\u00e9 des structures. Mon travail commence par une \u00e9valuation approfondie de la fa\u00e7ade, identifiant les zones pr\u00e9sentant des signes d&rsquo;infiltration d&rsquo;eau ou de d\u00e9t\u00e9rioration de l&rsquo;\u00e9tanch\u00e9it\u00e9. Je m&rsquo;appuie sur des tests en eau pour localiser pr\u00e9cis\u00e9ment les points faibles et planifier les interventions n\u00e9cessaires. Une fois les zones probl\u00e9matiques identifi\u00e9es, j&rsquo;utilise mes comp\u00e9tences en escalade pour acc\u00e9der aux endroits difficiles d&rsquo;acc\u00e8s. \u00c9quip\u00e9 de mat\u00e9riel sp\u00e9cialis\u00e9, je r\u00e9alise les r\u00e9parations et la reprise d&rsquo;\u00e9tanch\u00e9it\u00e9 avec pr\u00e9cision, veillant \u00e0 ce que chaque intervention soit durable et efficace. Outre la reprise d&rsquo;\u00e9tanch\u00e9it\u00e9, mon travail inclut \u00e9galement le nettoyage des goutti\u00e8res et de la fa\u00e7ade. Je proc\u00e8de au nettoyage de la fa\u00e7ade pour \u00e9liminer la salet\u00e9, les d\u00e9p\u00f4ts de pollution et les moisissures, pr\u00e9servant ainsi l&rsquo;aspect esth\u00e9tique du b\u00e2timent tout en prolongeant sa durabilit\u00e9. En&hellip;<\/p>\n<p> <a class=\"more-link\" href=\"https:\/\/acrocordes-elagage.fr\/index.php\/reprise-etancheite-facades-toitures\/\">Read more<\/a><\/p>\n","protected":false},"author":1,"featured_media":0,"parent":0,"menu_order":0,"comment_status":"closed","ping_status":"closed","template":"","meta":{"footnotes":""},"class_list":["post-277","page","type-page","status-publish"],"_links":{"self":[{"href":"https:\/\/acrocordes-elagage.fr\/index.php\/wp-json\/wp\/v2\/pages\/277","targetHints":{"allow":["GET"]}}],"collection":[{"href":"https:\/\/acrocordes-elagage.fr\/index.php\/wp-json\/wp\/v2\/pages"}],"about":[{"href":"https:\/\/acrocordes-elagage.fr\/index.php\/wp-json\/wp\/v2\/types\/page"}],"author":[{"embeddable":true,"href":"https:\/\/acrocordes-elagage.fr\/index.php\/wp-json\/wp\/v2\/users\/1"}],"replies":[{"embeddable":true,"href":"https:\/\/acrocordes-elagage.fr\/index.php\/wp-json\/wp\/v2\/comments?post=277"}],"version-history":[{"count":5,"href":"https:\/\/acrocordes-elagage.fr\/index.php\/wp-json\/wp\/v2\/pages\/277\/revisions"}],"predecessor-version":[{"id":433,"href":"https:\/\/acrocordes-elagage.fr\/index.php\/wp-json\/wp\/v2\/pages\/277\/revisions\/433"}],"wp:attachment":[{"href":"https:\/\/acrocordes-elagage.fr\/index.php\/wp-json\/wp\/v2\/media?parent=277"}],"curies":[{"name":"wp","href":"https:\/\/api.w.org\/{rel}","templated":true}]}}