{"id":275,"date":"2024-05-10T08:48:29","date_gmt":"2024-05-10T06:48:29","guid":{"rendered":"https:\/\/acrocordes-elagage.fr\/?page_id=275"},"modified":"2024-05-14T18:55:28","modified_gmt":"2024-05-14T16:55:28","slug":"pose-piques-anti-pigeons","status":"publish","type":"page","link":"https:\/\/acrocordes-elagage.fr\/index.php\/pose-piques-anti-pigeons\/","title":{"rendered":"Pose systeme anti-pigeons"},"content":{"rendered":"\n<div class=\"wp-block-columns is-layout-flex wp-container-core-columns-is-layout-9d6595d7 wp-block-columns-is-layout-flex\">\n<div class=\"wp-block-column is-layout-flow wp-block-column-is-layout-flow\">\n<div style=\"height:53px\" aria-hidden=\"true\" class=\"wp-block-spacer\"><\/div>\n\n\n\n<p class=\"has-white-color has-text-color has-link-color wp-elements-81d0e8198519a194fa9be1fe2f49f235\"><strong>Les pics anti-pigeons sont d&rsquo;excellentes solutions pour repousser les oiseaux qui cherchent \u00e0 se poser sur votre maison et ses alentours. <\/strong><\/p>\n\n\n\n<p class=\"has-white-color has-text-color has-link-color wp-elements-7b43b2c51dcd2800c99ca4c8ad2bdf35\"><strong>Pour leur fixation, plusieurs possibilit\u00e9s sont envisageables : utiliser des clips pour les installer sur des goutti\u00e8res ou bien les coller directement sur une surface plate.<\/strong><\/p>\n\n\n\n<p class=\"has-white-color has-text-color has-link-color wp-elements-57e1db01602bcad369474d2f1b9d6631\">En tant que cordiste charg\u00e9 de la pose de pics anti-pigeons, mon travail n\u00e9cessite une expertise technique et une ma\u00eetrise de l&rsquo;escalade. <\/p>\n\n\n\n<p class=\"has-white-color has-text-color has-link-color wp-elements-a147ef86d4feeded01b5620d7eb19bb5\">En grimpant avec jusqu&rsquo;aux endroits les plus inaccessibles, je veille \u00e0 ce que chaque pic soit solidement install\u00e9 pour r\u00e9soudre les probl\u00e8mes de nuisances caus\u00e9s par les pigeons. <\/p>\n\n\n\n<p class=\"has-white-color has-text-color has-link-color wp-elements-b73e13521e26adac75cf22d324618b12\">Ma priorit\u00e9 est d&rsquo;assurer une installation pr\u00e9cise et s\u00e9curis\u00e9e, tout en minimisant les perturbations pour l&rsquo;environnement urbain.<\/p>\n<\/div>\n\n\n\n<div class=\"wp-block-column is-layout-flow wp-block-column-is-layout-flow\"><div class=\"wp-block-image is-style-rounded\">\n<figure class=\"aligncenter size-full is-resized\"><img loading=\"lazy\" decoding=\"async\" width=\"225\" height=\"225\" src=\"https:\/\/acrocordes-elagage.fr\/wp-content\/uploads\/2024\/05\/telechargement.jpeg\" alt=\"\" class=\"wp-image-415\" style=\"width:179px;height:auto\" srcset=\"https:\/\/acrocordes-elagage.fr\/wp-content\/uploads\/2024\/05\/telechargement.jpeg 225w, https:\/\/acrocordes-elagage.fr\/wp-content\/uploads\/2024\/05\/telechargement-150x150.jpeg 150w\" sizes=\"auto, (max-width: 225px) 100vw, 225px\" \/><\/figure>\n<\/div>\n\n\n<figure class=\"wp-block-image size-large is-style-rounded\"><img loading=\"lazy\" decoding=\"async\" width=\"1024\" height=\"682\" src=\"https:\/\/acrocordes-elagage.fr\/wp-content\/uploads\/2024\/05\/industrial-1565853_1280-1024x682.jpeg\" alt=\"\" class=\"wp-image-417\" srcset=\"https:\/\/acrocordes-elagage.fr\/wp-content\/uploads\/2024\/05\/industrial-1565853_1280-1024x682.jpeg 1024w, https:\/\/acrocordes-elagage.fr\/wp-content\/uploads\/2024\/05\/industrial-1565853_1280-300x200.jpeg 300w, https:\/\/acrocordes-elagage.fr\/wp-content\/uploads\/2024\/05\/industrial-1565853_1280-768x512.jpeg 768w, https:\/\/acrocordes-elagage.fr\/wp-content\/uploads\/2024\/05\/industrial-1565853_1280.jpeg 1280w\" sizes=\"auto, (max-width: 1024px) 100vw, 1024px\" \/><figcaption class=\"wp-element-caption\"><em>Saint G\u00e9ours De Maremne<\/em><\/figcaption><\/figure>\n<\/div>\n<\/div>\n","protected":false},"excerpt":{"rendered":"<p>Les pics anti-pigeons sont d&rsquo;excellentes solutions pour repousser les oiseaux qui cherchent \u00e0 se poser sur votre maison et ses alentours. Pour leur fixation, plusieurs possibilit\u00e9s sont envisageables : utiliser des clips pour les installer sur des goutti\u00e8res ou bien les coller directement sur une surface plate. En tant que cordiste charg\u00e9 de la pose de pics anti-pigeons, mon travail n\u00e9cessite une expertise technique et une ma\u00eetrise de l&rsquo;escalade. En grimpant avec jusqu&rsquo;aux endroits les plus inaccessibles, je veille \u00e0 ce que chaque pic soit solidement install\u00e9 pour r\u00e9soudre les probl\u00e8mes de nuisances caus\u00e9s par les pigeons. Ma priorit\u00e9 est d&rsquo;assurer une installation pr\u00e9cise et s\u00e9curis\u00e9e, tout en minimisant les perturbations pour l&rsquo;environnement urbain.<\/p>\n","protected":false},"author":1,"featured_media":0,"parent":0,"menu_order":0,"comment_status":"closed","ping_status":"closed","template":"","meta":{"footnotes":""},"class_list":["post-275","page","type-page","status-publish"],"_links":{"self":[{"href":"https:\/\/acrocordes-elagage.fr\/index.php\/wp-json\/wp\/v2\/pages\/275","targetHints":{"allow":["GET"]}}],"collection":[{"href":"https:\/\/acrocordes-elagage.fr\/index.php\/wp-json\/wp\/v2\/pages"}],"about":[{"href":"https:\/\/acrocordes-elagage.fr\/index.php\/wp-json\/wp\/v2\/types\/page"}],"author":[{"embeddable":true,"href":"https:\/\/acrocordes-elagage.fr\/index.php\/wp-json\/wp\/v2\/users\/1"}],"replies":[{"embeddable":true,"href":"https:\/\/acrocordes-elagage.fr\/index.php\/wp-json\/wp\/v2\/comments?post=275"}],"version-history":[{"count":7,"href":"https:\/\/acrocordes-elagage.fr\/index.php\/wp-json\/wp\/v2\/pages\/275\/revisions"}],"predecessor-version":[{"id":424,"href":"https:\/\/acrocordes-elagage.fr\/index.php\/wp-json\/wp\/v2\/pages\/275\/revisions\/424"}],"wp:attachment":[{"href":"https:\/\/acrocordes-elagage.fr\/index.php\/wp-json\/wp\/v2\/media?parent=275"}],"curies":[{"name":"wp","href":"https:\/\/api.w.org\/{rel}","templated":true}]}}