{"id":204,"date":"2024-05-01T13:19:53","date_gmt":"2024-05-01T11:19:53","guid":{"rendered":"http:\/\/ktftbbe.cluster023.hosting.ovh.net\/?page_id=204"},"modified":"2024-08-28T10:01:11","modified_gmt":"2024-08-28T08:01:11","slug":"accueil-2","status":"publish","type":"page","link":"https:\/\/acrocordes-elagage.fr\/","title":{"rendered":"Au Plus Proche De Vos Arbres"},"content":{"rendered":"\n<p class=\"has-white-color has-text-color has-link-color wp-elements-77ffc6e83d2004105708203f42b886b6\" style=\"font-size:50px\"><a href=\"tel:+33613139025\"><strong>06 13 13 90 25<\/strong><\/a><\/p>\n\n\n\n<p><\/p>\n\n\n\n<p><\/p>\n\n\n\n<p><\/p>\n\n\n\n<p><\/p>\n\n\n\n<p><\/p>\n\n\n\n<div class=\"wp-block-columns alignwide is-layout-flex wp-container-core-columns-is-layout-9d6595d7 wp-block-columns-is-layout-flex\">\n<div class=\"wp-block-column has-white-color has-text-color has-link-color wp-elements-229c27bd9c2146e50afb4e832776763d is-layout-flow wp-block-column-is-layout-flow\">\n<div class=\"wp-block-group\"><div class=\"wp-block-group__inner-container is-layout-constrained wp-block-group-is-layout-constrained\">\n<p class=\"has-text-align-center has-contrast-color has-text-color has-link-color has-large-font-size wp-elements-7c8640e6c921e09517421e9485443ecd\">Notre soci\u00e9t\u00e9 d\u2019\u00e9lagage, situ\u00e9e au c\u0153ur des Landes, vous propose de prendre soin de vos arbres en alliant expertise et pr\u00e9servation.<\/p>\n<\/div><\/div>\n<\/div>\n\n\n\n<div class=\"wp-block-column is-layout-flow wp-block-column-is-layout-flow\">\n<div class=\"wp-block-group\"><div class=\"wp-block-group__inner-container is-layout-constrained wp-block-group-is-layout-constrained\"><\/div><\/div>\n<\/div>\n\n\n\n<div class=\"wp-block-column has-white-color has-text-color has-link-color wp-elements-772a74a230ef2583c11d811de47ce7a4 is-layout-flow wp-block-column-is-layout-flow\">\n<div class=\"wp-block-group\"><div class=\"wp-block-group__inner-container is-layout-constrained wp-block-group-is-layout-constrained\">\n<p class=\"has-text-align-center has-contrast-color has-text-color has-link-color has-large-font-size wp-elements-7d9082cb97203e6424aa3cc4dde9b43d\">Notre entreprise se distingue par une connaissance approfondie des arbres et des techniques de taille appropri\u00e9es.<\/p>\n<\/div><\/div>\n<\/div>\n<\/div>\n\n\n\n<div class=\"wp-block-group alignfull has-base-2-background-color has-background\" style=\"margin-top:0;margin-bottom:0;padding-top:0;padding-right:0;padding-bottom:0;padding-left:0\"><div class=\"wp-block-group__inner-container is-layout-constrained wp-container-core-group-is-layout-a6eb882d wp-block-group-is-layout-constrained\">\n<div class=\"wp-block-columns alignwide has-white-color has-text-color has-link-color wp-elements-67d6971ffeed5679704c3b1b70ef2561 is-layout-flex wp-container-core-columns-is-layout-9d6595d7 wp-block-columns-is-layout-flex\">\n<div class=\"wp-block-column is-layout-flow wp-block-column-is-layout-flow\">\n<div class=\"wp-block-group\"><div class=\"wp-block-group__inner-container is-layout-constrained wp-block-group-is-layout-constrained\">\n<p class=\"has-text-align-center has-contrast-color has-text-color has-link-color has-large-font-size wp-elements-f60903911bc11dc97398b1c75cee669d\">Dans un monde o\u00f9 la pr\u00e9servation de la nature est primordiale, nous nous engageons \u00e0 offrir des services d\u2019\u00e9lagage qui allient savoir-faire traditionnel et respect de l\u2019environnement.<\/p>\n<\/div><\/div>\n<\/div>\n\n\n\n<div class=\"wp-block-column is-layout-flow wp-block-column-is-layout-flow\">\n<div class=\"wp-block-group\"><div class=\"wp-block-group__inner-container is-layout-constrained wp-block-group-is-layout-constrained\"><\/div><\/div>\n<\/div>\n\n\n\n<div class=\"wp-block-column is-layout-flow wp-block-column-is-layout-flow\">\n<div class=\"wp-block-group\"><div class=\"wp-block-group__inner-container is-layout-constrained wp-block-group-is-layout-constrained\">\n<p class=\"has-text-align-center has-contrast-color has-text-color has-link-color has-large-font-size wp-elements-3cea2a954c67cf4d5153e12cbb668e26\">Le travail sur cordes n\u00e9cessite \u00e9videmment une grande vigilance, c\u2019est pourquoi nous prenons \u00e0 coeur un travail minutieux dans le respect des r\u00e8gles de s\u00e9curit\u00e9 \u00e0 chaque intervention.<\/p>\n<\/div><\/div>\n<\/div>\n<\/div>\n\n\n\n<div class=\"wp-block-group is-vertical is-content-justification-center is-layout-flex wp-container-core-group-is-layout-7681721f wp-block-group-is-layout-flex\">\n<div style=\"height:0px\" aria-hidden=\"true\" class=\"wp-block-spacer wp-container-content-4f2ccadb\"><\/div>\n<\/div>\n\n\n\n<div style=\"margin-top:0;margin-bottom:0;height:283px\" aria-hidden=\"true\" class=\"wp-block-spacer\"><\/div>\n<\/div><\/div>\n\n\n\n<div class=\"wp-block-group alignfull has-white-color has-text-color\" style=\"margin-top:0;margin-bottom:0;padding-top:var(--wp--preset--spacing--60);padding-right:var(--wp--preset--spacing--60);padding-bottom:var(--wp--preset--spacing--60);padding-left:var(--wp--preset--spacing--60)\"><div class=\"wp-block-group__inner-container is-layout-constrained wp-container-core-group-is-layout-6b0914bc wp-block-group-is-layout-constrained\">\n<div class=\"wp-block-group\"><div class=\"wp-block-group__inner-container is-layout-constrained wp-block-group-is-layout-constrained\">\n<p class=\"has-text-align-center has-white-color has-text-color has-heading-font-family has-x-large-font-size\" style=\"font-style:italic;font-weight:100;line-height:1.2\"><a href=\"tel:+33613139025\">06 13 13 90 25 <\/a><\/p>\n\n\n\n<p><\/p>\n\n\n\n<p class=\"has-text-align-center has-white-color has-text-color has-heading-font-family has-x-large-font-size\" style=\"font-style:italic;font-weight:100;line-height:1.2\"><em>\u00ab\u00a0L&rsquo;homme est comme un arbre et sa r\u00e9putation, comme son ombre port\u00e9e. L&rsquo;ombre est ce que nous pensons de lui ; mais ce qui compte r\u00e9ellement, c&rsquo;est l&rsquo;arbre.\u00a0\u00bb<\/em><\/p>\n<\/div><\/div>\n\n\n\n<p class=\"has-text-align-center has-base-color has-text-color has-heading-font-family has-x-large-font-size\" style=\"font-style:italic;font-weight:100;line-height:1.2\"><em>Abraham Lincoln<\/em><\/p>\n<\/div><\/div>\n","protected":false},"excerpt":{"rendered":"<p>06 13 13 90 25 Notre soci\u00e9t\u00e9 d\u2019\u00e9lagage, situ\u00e9e au c\u0153ur des Landes, vous propose de prendre soin de vos arbres en alliant expertise et pr\u00e9servation. Notre entreprise se distingue par une connaissance approfondie des arbres et des techniques de taille appropri\u00e9es. Dans un monde o\u00f9 la pr\u00e9servation de la nature est primordiale, nous nous engageons \u00e0 offrir des services d\u2019\u00e9lagage qui allient savoir-faire traditionnel et respect de l\u2019environnement. Le travail sur cordes n\u00e9cessite \u00e9videmment une grande vigilance, c\u2019est pourquoi nous prenons \u00e0 coeur un travail minutieux dans le respect des r\u00e8gles de s\u00e9curit\u00e9 \u00e0 chaque intervention. 06 13 13 90 25 \u00ab\u00a0L&rsquo;homme est comme un arbre et sa r\u00e9putation, comme son ombre port\u00e9e. L&rsquo;ombre est ce que nous pensons de lui ; mais ce qui compte r\u00e9ellement, c&rsquo;est l&rsquo;arbre.\u00a0\u00bb Abraham Lincoln<\/p>\n","protected":false},"author":1,"featured_media":0,"parent":0,"menu_order":0,"comment_status":"closed","ping_status":"closed","template":"","meta":{"footnotes":""},"class_list":["post-204","page","type-page","status-publish"],"_links":{"self":[{"href":"https:\/\/acrocordes-elagage.fr\/index.php\/wp-json\/wp\/v2\/pages\/204","targetHints":{"allow":["GET"]}}],"collection":[{"href":"https:\/\/acrocordes-elagage.fr\/index.php\/wp-json\/wp\/v2\/pages"}],"about":[{"href":"https:\/\/acrocordes-elagage.fr\/index.php\/wp-json\/wp\/v2\/types\/page"}],"author":[{"embeddable":true,"href":"https:\/\/acrocordes-elagage.fr\/index.php\/wp-json\/wp\/v2\/users\/1"}],"replies":[{"embeddable":true,"href":"https:\/\/acrocordes-elagage.fr\/index.php\/wp-json\/wp\/v2\/comments?post=204"}],"version-history":[{"count":15,"href":"https:\/\/acrocordes-elagage.fr\/index.php\/wp-json\/wp\/v2\/pages\/204\/revisions"}],"predecessor-version":[{"id":467,"href":"https:\/\/acrocordes-elagage.fr\/index.php\/wp-json\/wp\/v2\/pages\/204\/revisions\/467"}],"wp:attachment":[{"href":"https:\/\/acrocordes-elagage.fr\/index.php\/wp-json\/wp\/v2\/media?parent=204"}],"curies":[{"name":"wp","href":"https:\/\/api.w.org\/{rel}","templated":true}]}}