{"id":187,"date":"2024-05-01T13:21:11","date_gmt":"2024-05-01T11:21:11","guid":{"rendered":"http:\/\/ktftbbe.cluster023.hosting.ovh.net\/?page_id=187"},"modified":"2024-05-28T18:50:56","modified_gmt":"2024-05-28T16:50:56","slug":"le-deboussaillement","status":"publish","type":"page","link":"https:\/\/acrocordes-elagage.fr\/index.php\/le-deboussaillement\/","title":{"rendered":"Le d\u00e9broussaillement"},"content":{"rendered":"\n<div class=\"wp-block-columns is-layout-flex wp-container-core-columns-is-layout-9d6595d7 wp-block-columns-is-layout-flex\">\n<div class=\"wp-block-column is-layout-flow wp-block-column-is-layout-flow\">\n<div style=\"height:53px\" aria-hidden=\"true\" class=\"wp-block-spacer\"><\/div>\n\n\n\n<p class=\"has-white-color has-text-color has-link-color wp-elements-f7aa3331a0295b4c353a5c050738914a\">Le d\u00e9broussaillement est une \u00e9tape cruciale dans la pr\u00e9servation et la protection des espaces naturels.<\/p>\n\n\n\n<p class=\"has-white-color has-text-color has-link-color wp-elements-12ada64d910ed3f90691e8c0195da0d8\">Nous intervenons ainsi pour r\u00e9duire les risques d\u2019incendie, restaurer des zones naturelles ou pr\u00e9parer des terrains pour des projets de construction.<\/p>\n\n\n\n<p class=\"has-white-color has-text-color has-link-color wp-elements-700dbdb7158e8e89ab270b0a9b755eaf\">Notre approche combine efficacit\u00e9 op\u00e9rationnelle et respect de la biodiversit\u00e9, assurant ainsi des r\u00e9sultats durables et harmonieux.<\/p>\n<\/div>\n\n\n\n<div class=\"wp-block-column is-layout-flow wp-block-column-is-layout-flow\"><div class=\"wp-block-image is-style-rounded\">\n<figure class=\"alignright size-full\"><img loading=\"lazy\" decoding=\"async\" width=\"612\" height=\"408\" src=\"https:\/\/acrocordes-elagage.fr\/wp-content\/uploads\/2024\/05\/gettyimages-1226145720-612x612-1.jpeg\" alt=\"\" class=\"wp-image-385\" srcset=\"https:\/\/acrocordes-elagage.fr\/wp-content\/uploads\/2024\/05\/gettyimages-1226145720-612x612-1.jpeg 612w, https:\/\/acrocordes-elagage.fr\/wp-content\/uploads\/2024\/05\/gettyimages-1226145720-612x612-1-300x200.jpeg 300w\" sizes=\"auto, (max-width: 612px) 100vw, 612px\" \/><figcaption class=\"wp-element-caption\">\u00c9lagage Tercis-Les-bains<\/figcaption><\/figure>\n<\/div><\/div>\n<\/div>\n\n\n\n<p><\/p>\n","protected":false},"excerpt":{"rendered":"<p>Le d\u00e9broussaillement est une \u00e9tape cruciale dans la pr\u00e9servation et la protection des espaces naturels. Nous intervenons ainsi pour r\u00e9duire les risques d\u2019incendie, restaurer des zones naturelles ou pr\u00e9parer des terrains pour des projets de construction. Notre approche combine efficacit\u00e9 op\u00e9rationnelle et respect de la biodiversit\u00e9, assurant ainsi des r\u00e9sultats durables et harmonieux.<\/p>\n","protected":false},"author":1,"featured_media":0,"parent":0,"menu_order":0,"comment_status":"closed","ping_status":"closed","template":"","meta":{"footnotes":""},"class_list":["post-187","page","type-page","status-publish"],"_links":{"self":[{"href":"https:\/\/acrocordes-elagage.fr\/index.php\/wp-json\/wp\/v2\/pages\/187","targetHints":{"allow":["GET"]}}],"collection":[{"href":"https:\/\/acrocordes-elagage.fr\/index.php\/wp-json\/wp\/v2\/pages"}],"about":[{"href":"https:\/\/acrocordes-elagage.fr\/index.php\/wp-json\/wp\/v2\/types\/page"}],"author":[{"embeddable":true,"href":"https:\/\/acrocordes-elagage.fr\/index.php\/wp-json\/wp\/v2\/users\/1"}],"replies":[{"embeddable":true,"href":"https:\/\/acrocordes-elagage.fr\/index.php\/wp-json\/wp\/v2\/comments?post=187"}],"version-history":[{"count":12,"href":"https:\/\/acrocordes-elagage.fr\/index.php\/wp-json\/wp\/v2\/pages\/187\/revisions"}],"predecessor-version":[{"id":455,"href":"https:\/\/acrocordes-elagage.fr\/index.php\/wp-json\/wp\/v2\/pages\/187\/revisions\/455"}],"wp:attachment":[{"href":"https:\/\/acrocordes-elagage.fr\/index.php\/wp-json\/wp\/v2\/media?parent=187"}],"curies":[{"name":"wp","href":"https:\/\/api.w.org\/{rel}","templated":true}]}}