{"id":185,"date":"2024-05-01T13:20:27","date_gmt":"2024-05-01T11:20:27","guid":{"rendered":"http:\/\/ktftbbe.cluster023.hosting.ovh.net\/?page_id=185"},"modified":"2024-05-14T18:34:23","modified_gmt":"2024-05-14T16:34:23","slug":"lhaubanage","status":"publish","type":"page","link":"https:\/\/acrocordes-elagage.fr\/index.php\/lhaubanage\/","title":{"rendered":"L&rsquo;haubanage"},"content":{"rendered":"\n<div class=\"wp-block-columns is-layout-flex wp-container-core-columns-is-layout-9d6595d7 wp-block-columns-is-layout-flex\">\n<div class=\"wp-block-column is-layout-flow wp-block-column-is-layout-flow\">\n<div style=\"height:165px\" aria-hidden=\"true\" class=\"wp-block-spacer\"><\/div>\n\n\n\n<p class=\"has-white-color has-text-color has-link-color wp-elements-e9094f3de7363ae58644d45711a9bc71\">L\u2019haubanage est une technique utilis\u00e9e en arboriculture pour renforcer la structure d\u2019un arbre en difficult\u00e9.<\/p>\n\n\n\n<p class=\"has-white-color has-text-color has-link-color wp-elements-f21460efe1ea1a0297c4c371df1427a7\">Elle consiste \u00e0 installer des c\u00e2bles ou des haubans m\u00e9talliques entre les branches de l\u2019arbre et son tronc, afin de stabiliser l\u2019ensemble et de pr\u00e9venir le risque de rupture ou de chute.<\/p>\n\n\n\n<p class=\"has-white-color has-text-color has-link-color wp-elements-dbd7c1f491611f4bb43c22e3a4758684\">Technique peu connue mais utile pour prolonger la long\u00e9vit\u00e9 d\u2019un arbre que l\u2019on pense dangereux, AcroCordes vous propose des technique de pose de haubans pour r\u00e9pondre aux besoins de chaque situation.<\/p>\n<\/div>\n\n\n\n<div class=\"wp-block-column is-layout-flow wp-block-column-is-layout-flow\">\n<figure class=\"wp-block-image size-full is-style-rounded\"><img loading=\"lazy\" decoding=\"async\" width=\"768\" height=\"1024\" src=\"https:\/\/acrocordes-elagage.fr\/wp-content\/uploads\/2024\/05\/haubanage-arbre-Granby-ARBOXYGENE-768x1024-1.jpeg\" alt=\"\" class=\"wp-image-404\" srcset=\"https:\/\/acrocordes-elagage.fr\/wp-content\/uploads\/2024\/05\/haubanage-arbre-Granby-ARBOXYGENE-768x1024-1.jpeg 768w, https:\/\/acrocordes-elagage.fr\/wp-content\/uploads\/2024\/05\/haubanage-arbre-Granby-ARBOXYGENE-768x1024-1-225x300.jpeg 225w\" sizes=\"auto, (max-width: 768px) 100vw, 768px\" \/><figcaption class=\"wp-element-caption\">\u00c9lagage Heugas<\/figcaption><\/figure>\n<\/div>\n<\/div>\n\n\n\n<div class=\"wp-block-buttons is-layout-flex wp-block-buttons-is-layout-flex\">\n<div class=\"wp-block-button\"><a class=\"wp-block-button__link wp-element-button\" href=\"https:\/\/www.youtube.com\/watch?v=wmZuJGpVz8Q&amp;ab_channel=cobratreecabling\">L&rsquo;haubanage qu&rsquo;est ce que c&rsquo;est ?<\/a><\/div>\n<\/div>\n","protected":false},"excerpt":{"rendered":"<p>L\u2019haubanage est une technique utilis\u00e9e en arboriculture pour renforcer la structure d\u2019un arbre en difficult\u00e9. Elle consiste \u00e0 installer des c\u00e2bles ou des haubans m\u00e9talliques entre les branches de l\u2019arbre et son tronc, afin de stabiliser l\u2019ensemble et de pr\u00e9venir le risque de rupture ou de chute. Technique peu connue mais utile pour prolonger la long\u00e9vit\u00e9 d\u2019un arbre que l\u2019on pense dangereux, AcroCordes vous propose des technique de pose de haubans pour r\u00e9pondre aux besoins de chaque situation.<\/p>\n","protected":false},"author":1,"featured_media":0,"parent":0,"menu_order":0,"comment_status":"closed","ping_status":"closed","template":"","meta":{"footnotes":""},"class_list":["post-185","page","type-page","status-publish"],"_links":{"self":[{"href":"https:\/\/acrocordes-elagage.fr\/index.php\/wp-json\/wp\/v2\/pages\/185","targetHints":{"allow":["GET"]}}],"collection":[{"href":"https:\/\/acrocordes-elagage.fr\/index.php\/wp-json\/wp\/v2\/pages"}],"about":[{"href":"https:\/\/acrocordes-elagage.fr\/index.php\/wp-json\/wp\/v2\/types\/page"}],"author":[{"embeddable":true,"href":"https:\/\/acrocordes-elagage.fr\/index.php\/wp-json\/wp\/v2\/users\/1"}],"replies":[{"embeddable":true,"href":"https:\/\/acrocordes-elagage.fr\/index.php\/wp-json\/wp\/v2\/comments?post=185"}],"version-history":[{"count":5,"href":"https:\/\/acrocordes-elagage.fr\/index.php\/wp-json\/wp\/v2\/pages\/185\/revisions"}],"predecessor-version":[{"id":407,"href":"https:\/\/acrocordes-elagage.fr\/index.php\/wp-json\/wp\/v2\/pages\/185\/revisions\/407"}],"wp:attachment":[{"href":"https:\/\/acrocordes-elagage.fr\/index.php\/wp-json\/wp\/v2\/media?parent=185"}],"curies":[{"name":"wp","href":"https:\/\/api.w.org\/{rel}","templated":true}]}}