{"id":183,"date":"2024-05-01T13:21:41","date_gmt":"2024-05-01T11:21:41","guid":{"rendered":"http:\/\/ktftbbe.cluster023.hosting.ovh.net\/?page_id=183"},"modified":"2024-05-14T18:22:50","modified_gmt":"2024-05-14T16:22:50","slug":"la-taille-et-le-traitement-de-palmier","status":"publish","type":"page","link":"https:\/\/acrocordes-elagage.fr\/index.php\/la-taille-et-le-traitement-de-palmier\/","title":{"rendered":"La taille et le traitement de palmier"},"content":{"rendered":"\n<div class=\"wp-block-columns is-layout-flex wp-container-core-columns-is-layout-9d6595d7 wp-block-columns-is-layout-flex\">\n<div class=\"wp-block-column is-layout-flow wp-block-column-is-layout-flow\">\n<div style=\"height:131px\" aria-hidden=\"true\" class=\"wp-block-spacer\"><\/div>\n\n\n\n<p class=\"has-white-color has-text-color has-link-color wp-elements-5344c18302d8d5dc89baebe71c998190\">Notre soci\u00e9t\u00e9, propose des services complets de traitement et de taille des palmiers.<\/p>\n\n\n\n<p class=\"has-white-color has-text-color has-link-color wp-elements-cbf9a87314e41808e27483e56929a5db\">Nous connaissons les maladies fr\u00e9quentes auxquelles sont confront\u00e9es les palmiers, notamment le charan\u00e7on rouge et le papillon palmivore et savons vous conseiller efficacement.<\/p>\n\n\n\n<p class=\"has-white-color has-text-color has-link-color wp-elements-91bd183b8970eef33f07ad964fd66116\">Notre \u00e9quipe d\u2019arboristes \u00e9lagueurs connait \u00e9galement les techniques de taille sp\u00e9cifiques aux palmiers, garantissant une croissance \u00e9quilibr\u00e9e et esth\u00e9tique.<\/p>\n\n\n\n<p class=\"has-white-color has-text-color has-link-color wp-elements-42d9dc7494205bba6f67ea2179dff853\">Notre \u00e9quipe est \u00e9galement qualifi\u00e9 pour apporter les traitements n\u00e9cessaire pour palier aux attaques des diff\u00e9rents nuisibles.<\/p>\n<\/div>\n\n\n\n<div class=\"wp-block-column is-layout-flow wp-block-column-is-layout-flow\">\n<figure class=\"wp-block-image size-large is-style-rounded\"><img loading=\"lazy\" decoding=\"async\" width=\"768\" height=\"1024\" src=\"https:\/\/acrocordes-elagage.fr\/wp-content\/uploads\/2024\/05\/IMG_0078-768x1024.jpg\" alt=\"\" class=\"wp-image-335\" srcset=\"https:\/\/acrocordes-elagage.fr\/wp-content\/uploads\/2024\/05\/IMG_0078-768x1024.jpg 768w, https:\/\/acrocordes-elagage.fr\/wp-content\/uploads\/2024\/05\/IMG_0078-225x300.jpg 225w, https:\/\/acrocordes-elagage.fr\/wp-content\/uploads\/2024\/05\/IMG_0078-1152x1536.jpg 1152w, https:\/\/acrocordes-elagage.fr\/wp-content\/uploads\/2024\/05\/IMG_0078-1536x2048.jpg 1536w, https:\/\/acrocordes-elagage.fr\/wp-content\/uploads\/2024\/05\/IMG_0078-scaled.jpg 1920w\" sizes=\"auto, (max-width: 768px) 100vw, 768px\" \/><figcaption class=\"wp-element-caption\">\u00c9lagage Dax<\/figcaption><\/figure>\n<\/div>\n<\/div>\n\n\n\n<p><\/p>\n","protected":false},"excerpt":{"rendered":"<p>Notre soci\u00e9t\u00e9, propose des services complets de traitement et de taille des palmiers. Nous connaissons les maladies fr\u00e9quentes auxquelles sont confront\u00e9es les palmiers, notamment le charan\u00e7on rouge et le papillon palmivore et savons vous conseiller efficacement. Notre \u00e9quipe d\u2019arboristes \u00e9lagueurs connait \u00e9galement les techniques de taille sp\u00e9cifiques aux palmiers, garantissant une croissance \u00e9quilibr\u00e9e et esth\u00e9tique. Notre \u00e9quipe est \u00e9galement qualifi\u00e9 pour apporter les traitements n\u00e9cessaire pour palier aux attaques des diff\u00e9rents nuisibles.<\/p>\n","protected":false},"author":1,"featured_media":0,"parent":0,"menu_order":0,"comment_status":"closed","ping_status":"closed","template":"","meta":{"footnotes":""},"class_list":["post-183","page","type-page","status-publish"],"_links":{"self":[{"href":"https:\/\/acrocordes-elagage.fr\/index.php\/wp-json\/wp\/v2\/pages\/183","targetHints":{"allow":["GET"]}}],"collection":[{"href":"https:\/\/acrocordes-elagage.fr\/index.php\/wp-json\/wp\/v2\/pages"}],"about":[{"href":"https:\/\/acrocordes-elagage.fr\/index.php\/wp-json\/wp\/v2\/types\/page"}],"author":[{"embeddable":true,"href":"https:\/\/acrocordes-elagage.fr\/index.php\/wp-json\/wp\/v2\/users\/1"}],"replies":[{"embeddable":true,"href":"https:\/\/acrocordes-elagage.fr\/index.php\/wp-json\/wp\/v2\/comments?post=183"}],"version-history":[{"count":6,"href":"https:\/\/acrocordes-elagage.fr\/index.php\/wp-json\/wp\/v2\/pages\/183\/revisions"}],"predecessor-version":[{"id":400,"href":"https:\/\/acrocordes-elagage.fr\/index.php\/wp-json\/wp\/v2\/pages\/183\/revisions\/400"}],"wp:attachment":[{"href":"https:\/\/acrocordes-elagage.fr\/index.php\/wp-json\/wp\/v2\/media?parent=183"}],"curies":[{"name":"wp","href":"https:\/\/api.w.org\/{rel}","templated":true}]}}