{"id":179,"date":"2024-05-01T13:19:11","date_gmt":"2024-05-01T11:19:11","guid":{"rendered":"http:\/\/ktftbbe.cluster023.hosting.ovh.net\/?page_id=179"},"modified":"2024-05-14T18:24:49","modified_gmt":"2024-05-14T16:24:49","slug":"abattage-demontage","status":"publish","type":"page","link":"https:\/\/acrocordes-elagage.fr\/index.php\/abattage-demontage\/","title":{"rendered":"Abattage \/ D\u00e9montage"},"content":{"rendered":"\n<div class=\"wp-block-columns is-layout-flex wp-container-core-columns-is-layout-9d6595d7 wp-block-columns-is-layout-flex\">\n<div class=\"wp-block-column is-layout-flow wp-block-column-is-layout-flow\">\n<div style=\"height:171px\" aria-hidden=\"true\" class=\"wp-block-spacer\"><\/div>\n\n\n\n<p class=\"has-white-color has-text-color has-link-color wp-elements-3f8a0b1e367e00464b7032d1300cbb67\">Le \u00ab&nbsp;d\u00e9montage&nbsp;\u00bb d\u00e9signe l\u2019op\u00e9ration consistant \u00e0 abattre un arbre de mani\u00e8re contr\u00f4l\u00e9e et s\u00e9curis\u00e9e, g\u00e9n\u00e9ralement en le d\u00e9composant par sections successives.<\/p>\n\n\n\n<p class=\"has-white-color has-text-color has-link-color wp-elements-f9a61985ddd725255ab61eae93ebe7e0\">Notre \u00e9quipe sp\u00e9cialis\u00e9e r\u00e9alise le d\u00e9montage s\u00e9curis\u00e9 des arbres avec expertise et minutie.<\/p>\n\n\n\n<p class=\"has-white-color has-text-color has-link-color wp-elements-9bdcf584e7eae0bc4290a3c0eb9d9fbf\">Notre priorit\u00e9 absolue est de mener chaque op\u00e9ration de d\u00e9montage en toute s\u00e9curit\u00e9, tout en minimisant les perturbations pour l\u2019environnement.<\/p>\n<\/div>\n\n\n\n<div class=\"wp-block-column is-layout-flow wp-block-column-is-layout-flow\">\n<figure class=\"wp-block-image size-large is-style-rounded\"><img loading=\"lazy\" decoding=\"async\" width=\"703\" height=\"1024\" src=\"https:\/\/acrocordes-elagage.fr\/wp-content\/uploads\/2024\/05\/DSC5337-703x1024.jpg\" alt=\"\" class=\"wp-image-344\" srcset=\"https:\/\/acrocordes-elagage.fr\/wp-content\/uploads\/2024\/05\/DSC5337-703x1024.jpg 703w, https:\/\/acrocordes-elagage.fr\/wp-content\/uploads\/2024\/05\/DSC5337-206x300.jpg 206w, https:\/\/acrocordes-elagage.fr\/wp-content\/uploads\/2024\/05\/DSC5337-768x1119.jpg 768w, https:\/\/acrocordes-elagage.fr\/wp-content\/uploads\/2024\/05\/DSC5337-1054x1536.jpg 1054w, https:\/\/acrocordes-elagage.fr\/wp-content\/uploads\/2024\/05\/DSC5337-1406x2048.jpg 1406w, https:\/\/acrocordes-elagage.fr\/wp-content\/uploads\/2024\/05\/DSC5337-scaled.jpg 1757w\" sizes=\"auto, (max-width: 703px) 100vw, 703px\" \/><figcaption class=\"wp-element-caption\">\u00c9lagage Saint-Paul-L\u00e8s-Dax<\/figcaption><\/figure>\n<\/div>\n<\/div>\n\n\n\n<div class=\"wp-block-columns is-layout-flex wp-container-core-columns-is-layout-9d6595d7 wp-block-columns-is-layout-flex\">\n<div class=\"wp-block-column is-layout-flow wp-block-column-is-layout-flow\">\n<div style=\"height:171px\" aria-hidden=\"true\" class=\"wp-block-spacer\"><\/div>\n\n\n\n<p class=\"has-white-color has-text-color has-link-color wp-elements-f3a55d533137aa163fce230b6b034783\">Dans le domaine de la sylviculture, l&rsquo;abattage d&rsquo;un arbre&nbsp;<strong>consiste \u00e0 le couper \u00e0 la base pour provoquer sa chute et ensuite permettre le retrait du site et son exploitation<\/strong>. Il s&rsquo;agit d&rsquo;une \u00e9tape importante de l&rsquo;exploitation foresti\u00e8re.<\/p>\n\n\n\n<p class=\"has-white-color has-text-color has-link-color wp-elements-750013f63174d679d5765cadb9a568b6\">Notre \u00e9quipe sp\u00e9cialis\u00e9e r\u00e9alise l&rsquo;abattage de mani\u00e8re s\u00e9curis\u00e9 avec expertise et minutie.<\/p>\n\n\n\n<p class=\"has-white-color has-text-color has-link-color wp-elements-3bae687d8df51a824e3c3222d0c52858\">Notre priorit\u00e9 absolue est de mener chaque op\u00e9ration d&rsquo;abattage en toute s\u00e9curit\u00e9, tout en minimisant les perturbations pour l\u2019environnement.<\/p>\n<\/div>\n\n\n\n<div class=\"wp-block-column is-layout-flow wp-block-column-is-layout-flow\">\n<figure class=\"wp-block-image size-large is-style-rounded\"><img loading=\"lazy\" decoding=\"async\" width=\"681\" height=\"1024\" src=\"https:\/\/acrocordes-elagage.fr\/wp-content\/uploads\/2024\/05\/DSC5412-681x1024.jpg\" alt=\"\" class=\"wp-image-348\" srcset=\"https:\/\/acrocordes-elagage.fr\/wp-content\/uploads\/2024\/05\/DSC5412-681x1024.jpg 681w, https:\/\/acrocordes-elagage.fr\/wp-content\/uploads\/2024\/05\/DSC5412-200x300.jpg 200w, https:\/\/acrocordes-elagage.fr\/wp-content\/uploads\/2024\/05\/DSC5412-768x1154.jpg 768w, https:\/\/acrocordes-elagage.fr\/wp-content\/uploads\/2024\/05\/DSC5412-1022x1536.jpg 1022w, https:\/\/acrocordes-elagage.fr\/wp-content\/uploads\/2024\/05\/DSC5412-1363x2048.jpg 1363w, https:\/\/acrocordes-elagage.fr\/wp-content\/uploads\/2024\/05\/DSC5412-scaled.jpg 1703w\" sizes=\"auto, (max-width: 681px) 100vw, 681px\" \/><figcaption class=\"wp-element-caption\">\u00c9lagage M\u00e9es<\/figcaption><\/figure>\n<\/div>\n<\/div>\n\n\n\n<p><\/p>\n","protected":false},"excerpt":{"rendered":"<p>Le \u00ab&nbsp;d\u00e9montage&nbsp;\u00bb d\u00e9signe l\u2019op\u00e9ration consistant \u00e0 abattre un arbre de mani\u00e8re contr\u00f4l\u00e9e et s\u00e9curis\u00e9e, g\u00e9n\u00e9ralement en le d\u00e9composant par sections successives. Notre \u00e9quipe sp\u00e9cialis\u00e9e r\u00e9alise le d\u00e9montage s\u00e9curis\u00e9 des arbres avec expertise et minutie. Notre priorit\u00e9 absolue est de mener chaque op\u00e9ration de d\u00e9montage en toute s\u00e9curit\u00e9, tout en minimisant les perturbations pour l\u2019environnement. Dans le domaine de la sylviculture, l&rsquo;abattage d&rsquo;un arbre&nbsp;consiste \u00e0 le couper \u00e0 la base pour provoquer sa chute et ensuite permettre le retrait du site et son exploitation. Il s&rsquo;agit d&rsquo;une \u00e9tape importante de l&rsquo;exploitation foresti\u00e8re. Notre \u00e9quipe sp\u00e9cialis\u00e9e r\u00e9alise l&rsquo;abattage de mani\u00e8re s\u00e9curis\u00e9 avec expertise et minutie. Notre priorit\u00e9 absolue est de mener chaque op\u00e9ration d&rsquo;abattage en toute s\u00e9curit\u00e9, tout en minimisant les perturbations pour l\u2019environnement.<\/p>\n","protected":false},"author":1,"featured_media":0,"parent":0,"menu_order":0,"comment_status":"closed","ping_status":"closed","template":"","meta":{"footnotes":""},"class_list":["post-179","page","type-page","status-publish"],"_links":{"self":[{"href":"https:\/\/acrocordes-elagage.fr\/index.php\/wp-json\/wp\/v2\/pages\/179","targetHints":{"allow":["GET"]}}],"collection":[{"href":"https:\/\/acrocordes-elagage.fr\/index.php\/wp-json\/wp\/v2\/pages"}],"about":[{"href":"https:\/\/acrocordes-elagage.fr\/index.php\/wp-json\/wp\/v2\/types\/page"}],"author":[{"embeddable":true,"href":"https:\/\/acrocordes-elagage.fr\/index.php\/wp-json\/wp\/v2\/users\/1"}],"replies":[{"embeddable":true,"href":"https:\/\/acrocordes-elagage.fr\/index.php\/wp-json\/wp\/v2\/comments?post=179"}],"version-history":[{"count":6,"href":"https:\/\/acrocordes-elagage.fr\/index.php\/wp-json\/wp\/v2\/pages\/179\/revisions"}],"predecessor-version":[{"id":403,"href":"https:\/\/acrocordes-elagage.fr\/index.php\/wp-json\/wp\/v2\/pages\/179\/revisions\/403"}],"wp:attachment":[{"href":"https:\/\/acrocordes-elagage.fr\/index.php\/wp-json\/wp\/v2\/media?parent=179"}],"curies":[{"name":"wp","href":"https:\/\/api.w.org\/{rel}","templated":true}]}}