{"id":167,"date":"2024-05-01T13:19:30","date_gmt":"2024-05-01T11:19:30","guid":{"rendered":"http:\/\/ktftbbe.cluster023.hosting.ovh.net\/?page_id=167"},"modified":"2024-05-14T18:46:57","modified_gmt":"2024-05-14T16:46:57","slug":"cordiste","status":"publish","type":"page","link":"https:\/\/acrocordes-elagage.fr\/index.php\/cordiste\/","title":{"rendered":"Cordiste"},"content":{"rendered":"\n<div class=\"wp-block-columns is-layout-flex wp-container-core-columns-is-layout-9d6595d7 wp-block-columns-is-layout-flex\">\n<div class=\"wp-block-column is-layout-flow wp-block-column-is-layout-flow\">\n<p class=\"has-white-color has-text-color has-link-color wp-elements-62c2dc123aece31ace4156f58ba480e1\">Nos cordistes urbains sont des sp\u00e9cialistes agiles qui interviennent en hauteur pour une vari\u00e9t\u00e9 de travaux de fa\u00e7ade. Leur expertise englobe la reprise en fa\u00e7ade dans toutes ses formes, du ravalement traditionnel \u00e0 la r\u00e9paration de structures complexes. <\/p>\n\n\n\n<p class=\"has-white-color has-text-color has-link-color wp-elements-a5dd62e638c849380a3c569521647292\">En outre, ils assurent le d\u00e9moussage de toiture, \u00e9liminant ainsi les risques li\u00e9s \u00e0 l&rsquo;accumulation de v\u00e9g\u00e9tation sur les surfaces inclin\u00e9es. <\/p>\n\n\n\n<p class=\"has-white-color has-text-color has-link-color wp-elements-bfedeaf93344032f973b40a06ee61a6d\">Leur champ d&rsquo;action inclut \u00e9galement la r\u00e9solution de probl\u00e8mes d&rsquo;infiltration d&rsquo;eau, une mission d\u00e9licate qui requiert \u00e0 la fois des comp\u00e9tences techniques et une ma\u00eetrise des acc\u00e8s difficiles. <\/p>\n\n\n\n<p class=\"has-white-color has-text-color has-link-color wp-elements-1c224e90c660eb2c428a331b7f0d9dc8\">Gr\u00e2ce \u00e0 leur capacit\u00e9 \u00e0 atteindre des endroits inaccessibles, nos cordistes sont des alli\u00e9s pr\u00e9cieux dans les chantiers o\u00f9 la s\u00e9curit\u00e9 et l&rsquo;efficacit\u00e9 sont essentielles.<\/p>\n<\/div>\n\n\n\n<div class=\"wp-block-column is-layout-flow wp-block-column-is-layout-flow\">\n<figure class=\"wp-block-image size-full is-style-rounded\"><img loading=\"lazy\" decoding=\"async\" width=\"612\" height=\"408\" src=\"https:\/\/acrocordes-elagage.fr\/wp-content\/uploads\/2024\/05\/istockphoto-1311047927-612x612-1.jpeg\" alt=\"\" class=\"wp-image-411\" srcset=\"https:\/\/acrocordes-elagage.fr\/wp-content\/uploads\/2024\/05\/istockphoto-1311047927-612x612-1.jpeg 612w, https:\/\/acrocordes-elagage.fr\/wp-content\/uploads\/2024\/05\/istockphoto-1311047927-612x612-1-300x200.jpeg 300w\" sizes=\"auto, (max-width: 612px) 100vw, 612px\" \/><figcaption class=\"wp-element-caption\"><em>Castets<\/em><\/figcaption><\/figure>\n<\/div>\n<\/div>\n\n\n\n<p><\/p>\n","protected":false},"excerpt":{"rendered":"<p>Nos cordistes urbains sont des sp\u00e9cialistes agiles qui interviennent en hauteur pour une vari\u00e9t\u00e9 de travaux de fa\u00e7ade. Leur expertise englobe la reprise en fa\u00e7ade dans toutes ses formes, du ravalement traditionnel \u00e0 la r\u00e9paration de structures complexes. En outre, ils assurent le d\u00e9moussage de toiture, \u00e9liminant ainsi les risques li\u00e9s \u00e0 l&rsquo;accumulation de v\u00e9g\u00e9tation sur les surfaces inclin\u00e9es. Leur champ d&rsquo;action inclut \u00e9galement la r\u00e9solution de probl\u00e8mes d&rsquo;infiltration d&rsquo;eau, une mission d\u00e9licate qui requiert \u00e0 la fois des comp\u00e9tences techniques et une ma\u00eetrise des acc\u00e8s difficiles. Gr\u00e2ce \u00e0 leur capacit\u00e9 \u00e0 atteindre des endroits inaccessibles, nos cordistes sont des alli\u00e9s pr\u00e9cieux dans les chantiers o\u00f9 la s\u00e9curit\u00e9 et l&rsquo;efficacit\u00e9 sont essentielles.<\/p>\n","protected":false},"author":1,"featured_media":0,"parent":0,"menu_order":0,"comment_status":"closed","ping_status":"closed","template":"","meta":{"footnotes":""},"class_list":["post-167","page","type-page","status-publish"],"_links":{"self":[{"href":"https:\/\/acrocordes-elagage.fr\/index.php\/wp-json\/wp\/v2\/pages\/167","targetHints":{"allow":["GET"]}}],"collection":[{"href":"https:\/\/acrocordes-elagage.fr\/index.php\/wp-json\/wp\/v2\/pages"}],"about":[{"href":"https:\/\/acrocordes-elagage.fr\/index.php\/wp-json\/wp\/v2\/types\/page"}],"author":[{"embeddable":true,"href":"https:\/\/acrocordes-elagage.fr\/index.php\/wp-json\/wp\/v2\/users\/1"}],"replies":[{"embeddable":true,"href":"https:\/\/acrocordes-elagage.fr\/index.php\/wp-json\/wp\/v2\/comments?post=167"}],"version-history":[{"count":5,"href":"https:\/\/acrocordes-elagage.fr\/index.php\/wp-json\/wp\/v2\/pages\/167\/revisions"}],"predecessor-version":[{"id":414,"href":"https:\/\/acrocordes-elagage.fr\/index.php\/wp-json\/wp\/v2\/pages\/167\/revisions\/414"}],"wp:attachment":[{"href":"https:\/\/acrocordes-elagage.fr\/index.php\/wp-json\/wp\/v2\/media?parent=167"}],"curies":[{"name":"wp","href":"https:\/\/api.w.org\/{rel}","templated":true}]}}