{"id":13,"date":"2024-03-18T20:26:06","date_gmt":"2024-03-18T19:26:06","guid":{"rendered":"https:\/\/acrocordeselagagedotfr.wordpress.com\/contact\/"},"modified":"2024-08-28T10:03:57","modified_gmt":"2024-08-28T08:03:57","slug":"contact","status":"publish","type":"page","link":"https:\/\/acrocordes-elagage.fr\/index.php\/contact\/","title":{"rendered":"Contact"},"content":{"rendered":"\n<div class=\"wp-block-group alignfull is-content-justification-center\" style=\"margin-top:0;margin-bottom:0;padding-top:calc( 0.5 * var(--wp--style--root--padding-right, var(--wp--custom--gap--horizontal)));padding-right:var(--wp--style--root--padding-right, var(--wp--custom--gap--horizontal));padding-bottom:calc( 0.5 * var(--wp--style--root--padding-right, var(--wp--custom--gap--horizontal)));padding-left:var(--wp--style--root--padding-left, var(--wp--custom--gap--horizontal))\"><div class=\"wp-block-group__inner-container is-layout-constrained wp-container-core-group-is-layout-b073b61b wp-block-group-is-layout-constrained\">\n<div style=\"height:var(--wp--preset--spacing--20)\" aria-hidden=\"true\" class=\"wp-block-spacer\"><\/div>\n\n\n\n<div class=\"wp-block-columns alignwide is-layout-flex wp-container-core-columns-is-layout-56f61851 wp-block-columns-is-layout-flex\">\n<div class=\"wp-block-column is-layout-flow wp-block-column-is-layout-flow\" style=\"flex-basis:50%\">\n<figure class=\"wp-block-image size-large is-resized is-style-rounded\"><img loading=\"lazy\" decoding=\"async\" width=\"859\" height=\"1024\" src=\"https:\/\/acrocordes-elagage.fr\/wp-content\/uploads\/2024\/05\/DSC5451-859x1024.jpg\" alt=\"\" class=\"wp-image-350\" style=\"width:378px;height:auto\" srcset=\"https:\/\/acrocordes-elagage.fr\/wp-content\/uploads\/2024\/05\/DSC5451-859x1024.jpg 859w, https:\/\/acrocordes-elagage.fr\/wp-content\/uploads\/2024\/05\/DSC5451-252x300.jpg 252w, https:\/\/acrocordes-elagage.fr\/wp-content\/uploads\/2024\/05\/DSC5451-768x915.jpg 768w, https:\/\/acrocordes-elagage.fr\/wp-content\/uploads\/2024\/05\/DSC5451-1289x1536.jpg 1289w, https:\/\/acrocordes-elagage.fr\/wp-content\/uploads\/2024\/05\/DSC5451.jpg 1692w\" sizes=\"auto, (max-width: 859px) 100vw, 859px\" \/><figcaption class=\"wp-element-caption\">\u00c9lagage Hagetmau<\/figcaption><\/figure>\n\n\n\n<p><\/p>\n\n\n\n<p><\/p>\n\n\n\n<p class=\"has-white-color has-text-color has-link-color wp-elements-d9502c9b0df4622592a2a89934a337fb\" style=\"font-size:40px\"><a href=\"tel:+33613139025\">06 13 13 90 25<\/a><\/p>\n\n\n\n<div style=\"height:53px\" aria-hidden=\"true\" class=\"wp-block-spacer\"><\/div>\n\n\n<div class=\"frm_forms  with_frm_style frm_style_style-formidable\" id=\"frm_form_1_container\" >\n<form enctype=\"multipart\/form-data\" method=\"post\" class=\"frm-show-form \" id=\"form_demande-de-devis\"  >\n<div class=\"frm_form_fields \">\n<fieldset>\n<legend class=\"frm_screen_reader\">DEMANDE DE DEVIS<\/legend>\n\n<div class=\"frm_fields_container\">\n<input type=\"hidden\" name=\"frm_action\" value=\"create\" \/>\n<input type=\"hidden\" name=\"form_id\" value=\"1\" \/>\n<input type=\"hidden\" name=\"frm_hide_fields_1\" id=\"frm_hide_fields_1\" value=\"\" \/>\n<input type=\"hidden\" name=\"form_key\" value=\"demande-de-devis\" \/>\n<input type=\"hidden\" name=\"item_meta[0]\" value=\"\" \/>\n<input type=\"hidden\" id=\"frm_submit_entry_1\" name=\"frm_submit_entry_1\" value=\"1415e454fd\" \/><input type=\"hidden\" name=\"_wp_http_referer\" value=\"\/index.php\/wp-json\/wp\/v2\/pages\/13\" \/><div id=\"frm_field_1_container\" class=\"frm_form_field form-field  frm_required_field frm_top_container frm_first frm_half\">\n\t<label for=\"field_qh4icy\" id=\"field_qh4icy_label\" class=\"frm_primary_label\">Nom\n\t\t<span class=\"frm_required\" aria-hidden=\"true\">*<\/span>\n\t<\/label>\n\t<input type=\"text\" id=\"field_qh4icy\" name=\"item_meta[1]\" value=\"\"  data-reqmsg=\"Nom cannot be blank.\" aria-required=\"true\" data-invmsg=\"Nom est non valide\" aria-invalid=\"false\"  \/>\n\t\n\t\n<\/div>\n<div id=\"frm_field_2_container\" class=\"frm_form_field form-field  frm_required_field frm_hidden_container frm_half\">\n\t<label for=\"field_ocfup1\" id=\"field_ocfup1_label\" class=\"frm_primary_label\">Pr\u00e9nom\n\t\t<span class=\"frm_required\" aria-hidden=\"true\">*<\/span>\n\t<\/label>\n\t<input type=\"text\" id=\"field_ocfup1\" name=\"item_meta[2]\" value=\"\"  data-reqmsg=\"Pr\u00e9nom cannot be blank.\" aria-required=\"true\" data-invmsg=\"Pr\u00e9nom est non valide\" aria-invalid=\"false\"  \/>\n\t\n\t\n<\/div>\n<div id=\"frm_field_3_container\" class=\"frm_form_field form-field  frm_required_field frm_top_container frm_full\">\n\t<label for=\"field_29yf4d\" id=\"field_29yf4d_label\" class=\"frm_primary_label\">Email\n\t\t<span class=\"frm_required\" aria-hidden=\"true\">*<\/span>\n\t<\/label>\n\t<input type=\"email\" id=\"field_29yf4d\" name=\"item_meta[3]\" value=\"\"  data-reqmsg=\"Email cannot be blank.\" aria-required=\"true\" data-invmsg=\"Please enter a valid email address\" aria-invalid=\"false\"  \/>\n\t\n\t\n<\/div>\n<div id=\"frm_field_5_container\" class=\"frm_form_field form-field  frm_top_container frm_full\">\n\t<label for=\"field_9jv0r1\" id=\"field_9jv0r1_label\" class=\"frm_primary_label\">Message\n\t\t<span class=\"frm_required\" aria-hidden=\"true\"><\/span>\n\t<\/label>\n\t<textarea name=\"item_meta[5]\" id=\"field_9jv0r1\" rows=\"5\"  data-invmsg=\"Message est non valide\" aria-invalid=\"false\"  ><\/textarea>\n\t\n\t\n<\/div>\n<div id=\"frm_field_7_container\" class=\"frm_form_field form-field \">\n\t<div class=\"frm_submit frm_flex\">\n<button class=\"frm_button_submit\" type=\"submit\"  >Envoyer<\/button>\n\n\n\n<\/div>\n<\/div>\n\t<input type=\"hidden\" name=\"item_key\" value=\"\" \/>\n\t\t\t\t<div class=\"frm__662e7cc82646e\">\n\t\t\t\t<label for=\"frm_email_1\" >\n\t\t\t\t\tSi vous \u00eates un humain, ne remplissez pas ce champ.\t\t\t\t<\/label>\n\t\t\t\t<input  id=\"frm_email_1\" type=\"text\" class=\"frm_verify\" name=\"frm__662e7cc82646e\" value=\"\" autocomplete=\"off\"  \/>\n\t\t\t<\/div>\n\t\t<\/div>\n<\/fieldset>\n<\/div>\n<\/form>\n<\/div>\n<\/div>\n\n\n\n<div class=\"wp-block-column is-layout-flow wp-block-column-is-layout-flow\" style=\"flex-basis:50%\">\n<h2 class=\"wp-block-heading has-text-align-center\"><\/h2>\n\n\n\n<p class=\"has-white-color has-text-color has-link-color wp-elements-de44a17558dba9b8d3a84509023d7bd6\">Notre \u00e9quipe est \u00e0 votre disposition pour discuter de vos projets, planifier des interventions sur mesure et r\u00e9pondre \u00e0 vos questions.<\/p>\n\n\n\n<p class=\"has-white-color has-text-color has-link-color wp-elements-caddae141b34d76be2c4cb7a0c475fc6\">Nous intervenons dans les Landes et Pays Basque, des villes comme Hossegor, Capbreton, L\u00e9on, Herm, Azur, M\u00e9es, Montfort en Chalosse etc.<\/p>\n\n\n\n<p class=\"has-white-color has-text-color has-link-color wp-elements-734a1e070aa34e41837357b0e4f7ee61\">Que vous ayez besoin d&rsquo;un entretien saisonnier, d&rsquo;un d\u00e9montage d&rsquo;urgence ou de conseils professionnels, nous sommes l\u00e0 pour vous aider. <\/p>\n\n\n\n<p class=\"has-white-color has-text-color has-link-color wp-elements-4f1742b808f32d67189a39503a3b3d56\">N&rsquo;h\u00e9sitez pas \u00e0 nous contacter d\u00e8s aujourd&rsquo;hui pour b\u00e9n\u00e9ficier de notre expertise.<\/p>\n\n\n\n<p class=\"has-white-color has-text-color has-link-color wp-elements-1574280f1824361893c6e0c442a8f2e8\">Vous pouvez nous joindre par t\u00e9l\u00e9phone, par e-mail ou en remplissant le formulaire de contact sur notre site Web.<\/p>\n\n\n\n<div style=\"height:var(--wp--preset--spacing--30)\" aria-hidden=\"true\" class=\"wp-block-spacer\"><\/div>\n\n\n\n<figure class=\"wp-block-image size-large is-style-rounded\"><img loading=\"lazy\" decoding=\"async\" width=\"681\" height=\"1024\" src=\"https:\/\/acrocordes-elagage.fr\/wp-content\/uploads\/2024\/05\/DSC5635-681x1024.jpg\" alt=\"\" class=\"wp-image-356\" srcset=\"https:\/\/acrocordes-elagage.fr\/wp-content\/uploads\/2024\/05\/DSC5635-681x1024.jpg 681w, https:\/\/acrocordes-elagage.fr\/wp-content\/uploads\/2024\/05\/DSC5635-200x300.jpg 200w, https:\/\/acrocordes-elagage.fr\/wp-content\/uploads\/2024\/05\/DSC5635-768x1154.jpg 768w, https:\/\/acrocordes-elagage.fr\/wp-content\/uploads\/2024\/05\/DSC5635-1022x1536.jpg 1022w, https:\/\/acrocordes-elagage.fr\/wp-content\/uploads\/2024\/05\/DSC5635-1363x2048.jpg 1363w, https:\/\/acrocordes-elagage.fr\/wp-content\/uploads\/2024\/05\/DSC5635-scaled.jpg 1703w\" sizes=\"auto, (max-width: 681px) 100vw, 681px\" \/><figcaption class=\"wp-element-caption\">\u00c9lagage Amou<\/figcaption><\/figure>\n<\/div>\n<\/div>\n\n\n\n<div style=\"height:100px\" aria-hidden=\"true\" class=\"wp-block-spacer\"><\/div>\n\n\n\n<div class=\"wp-block-group is-nowrap is-layout-flex wp-container-core-group-is-layout-ad2f72ca wp-block-group-is-layout-flex\">\n<div class=\"wp-block-columns is-layout-flex wp-container-core-columns-is-layout-9d6595d7 wp-block-columns-is-layout-flex\"><\/div>\n\n\n\n<iframe src=\"https:\/\/www.google.com\/maps\/embed?pb=!1m18!1m12!1m3!1d5768.953753392857!2d-1.0201239241860283!3d43.70063784936197!2m3!1f0!2f0!3f0!3m2!1i1024!2i768!4f13.1!3m3!1m2!1s0xd56a59a1dc39293%3A0x744729ad9d395698!2sAcroCordes!5e0!3m2!1sfr!2sfr!4v1714553041183!5m2!1sfr!2sfr\" width=\"600\" height=\"450\" style=\"border:0;\" allowfullscreen=\"\" loading=\"lazy\" referrerpolicy=\"no-referrer-when-downgrade\"><\/iframe>\n<\/div>\n<\/div><\/div>\n\n\n\n<div style=\"height:var(--wp--preset--spacing--40)\" aria-hidden=\"true\" class=\"wp-block-spacer\"><\/div>\n\n\n\n<div class=\"wp-block-columns alignwide is-layout-flex wp-container-core-columns-is-layout-2445c92b wp-block-columns-is-layout-flex\">\n<div class=\"wp-block-column is-layout-flow wp-block-column-is-layout-flow\">\n<h3 class=\"wp-block-heading has-text-align-center has-medium-font-size\"><strong>Emplacement<\/strong><\/h3>\n\n\n\n<div style=\"height:var(--wp--preset--spacing--20)\" aria-hidden=\"true\" class=\"wp-block-spacer\"><\/div>\n\n\n\n<p class=\"has-text-align-center has-white-color has-text-color has-link-color wp-elements-c49d14841f2a991ebb4019dbd8592096\">28 all\u00e9e des Martinets, <br>40180<br>Narrosse (France)<\/p>\n<\/div>\n\n\n\n<div class=\"wp-block-column is-layout-flow wp-block-column-is-layout-flow\">\n<h3 class=\"wp-block-heading has-text-align-center has-medium-font-size\"><strong>Heures<\/strong><\/h3>\n\n\n\n<div style=\"height:var(--wp--preset--spacing--20)\" aria-hidden=\"true\" class=\"wp-block-spacer\"><\/div>\n\n\n\n<p class=\"has-text-align-center has-white-color has-text-color has-link-color wp-elements-93481fff87413659126c464879bf8d96\">lundi\u2014samedi<\/p>\n\n\n\n<p class=\"has-text-align-center has-white-color has-text-color has-link-color wp-elements-32b0604e2a541b3c27cbdd1d2e73f4f2\">8h \u2014 19h<\/p>\n<\/div>\n\n\n\n<div class=\"wp-block-column is-layout-flow wp-block-column-is-layout-flow\">\n<h3 class=\"wp-block-heading has-text-align-center has-medium-font-size\"><strong>Contact<\/strong><\/h3>\n\n\n\n<div style=\"height:var(--wp--preset--spacing--20)\" aria-hidden=\"true\" class=\"wp-block-spacer\"><\/div>\n\n\n\n<p class=\"has-text-align-center has-white-color has-text-color has-link-color wp-elements-b2842b666d0448f586eb3f4878bf374d\"><a href=\"mailto:AcroCordes@gmail.com\">AcroCordes@gmail.com<\/a><\/p>\n\n\n\n<p class=\"has-text-align-center has-white-color has-text-color has-link-color wp-elements-f2e56ae024fc306c4f812d145e394801\"><a href=\"tel:+33613139025\">06 13 13 90 25<\/a><\/p>\n<\/div>\n<\/div>\n","protected":false},"excerpt":{"rendered":"<p>06 13 13 90 25 Notre \u00e9quipe est \u00e0 votre disposition pour discuter de vos projets, planifier des interventions sur mesure et r\u00e9pondre \u00e0 vos questions. Nous intervenons dans les Landes et Pays Basque, des villes comme Hossegor, Capbreton, L\u00e9on, Herm, Azur, M\u00e9es, Montfort en Chalosse etc. Que vous ayez besoin d&rsquo;un entretien saisonnier, d&rsquo;un d\u00e9montage d&rsquo;urgence ou de conseils professionnels, nous sommes l\u00e0 pour vous aider. N&rsquo;h\u00e9sitez pas \u00e0 nous contacter d\u00e8s aujourd&rsquo;hui pour b\u00e9n\u00e9ficier de notre expertise. Vous pouvez nous joindre par t\u00e9l\u00e9phone, par e-mail ou en remplissant le formulaire de contact sur notre site Web. Emplacement 28 all\u00e9e des Martinets, 40180Narrosse (France) Heures lundi\u2014samedi 8h \u2014 19h Contact AcroCordes@gmail.com 06 13 13 90 25<\/p>\n","protected":false},"author":1,"featured_media":0,"parent":0,"menu_order":0,"comment_status":"closed","ping_status":"closed","template":"","meta":{"footnotes":""},"class_list":["post-13","page","type-page","status-publish"],"_links":{"self":[{"href":"https:\/\/acrocordes-elagage.fr\/index.php\/wp-json\/wp\/v2\/pages\/13","targetHints":{"allow":["GET"]}}],"collection":[{"href":"https:\/\/acrocordes-elagage.fr\/index.php\/wp-json\/wp\/v2\/pages"}],"about":[{"href":"https:\/\/acrocordes-elagage.fr\/index.php\/wp-json\/wp\/v2\/types\/page"}],"author":[{"embeddable":true,"href":"https:\/\/acrocordes-elagage.fr\/index.php\/wp-json\/wp\/v2\/users\/1"}],"replies":[{"embeddable":true,"href":"https:\/\/acrocordes-elagage.fr\/index.php\/wp-json\/wp\/v2\/comments?post=13"}],"version-history":[{"count":17,"href":"https:\/\/acrocordes-elagage.fr\/index.php\/wp-json\/wp\/v2\/pages\/13\/revisions"}],"predecessor-version":[{"id":471,"href":"https:\/\/acrocordes-elagage.fr\/index.php\/wp-json\/wp\/v2\/pages\/13\/revisions\/471"}],"wp:attachment":[{"href":"https:\/\/acrocordes-elagage.fr\/index.php\/wp-json\/wp\/v2\/media?parent=13"}],"curies":[{"name":"wp","href":"https:\/\/api.w.org\/{rel}","templated":true}]}}